{"id":3522,"date":"2025-09-19T09:39:45","date_gmt":"2025-09-19T09:39:45","guid":{"rendered":"https:\/\/www.dhkproducts.com\/kontakt-dank\/"},"modified":"2025-10-14T13:18:54","modified_gmt":"2025-10-14T13:18:54","slug":"kontakt-dank","status":"publish","type":"page","link":"https:\/\/www.dhkproducts.com\/de\/kontakt-dank\/","title":{"rendered":"Kontakt Dank"},"content":{"rendered":"\t\t<div data-elementor-type=\"wp-page\" data-elementor-id=\"3522\" class=\"elementor elementor-3522 elementor-2923\" data-elementor-post-type=\"page\">\n\t\t\t\t<section class=\"has_ae_slider elementor-element elementor-element-35c97bf9 section-l e-flex e-con-boxed ae-bg-gallery-type-default e-con e-parent\" data-id=\"35c97bf9\" data-element_type=\"container\" data-e-type=\"container\">\n\t\t\t\t\t<div class=\"e-con-inner\">\n\t\t<div class=\"has_ae_slider elementor-element elementor-element-647d73e8 e-con-full e-flex ae-bg-gallery-type-default e-con e-child\" data-id=\"647d73e8\" data-element_type=\"container\" data-e-type=\"container\">\n\t\t\t\t<div class=\"elementor-element elementor-element-4bbeb3be elementor-widget elementor-widget-heading\" data-id=\"4bbeb3be\" data-element_type=\"widget\" data-e-type=\"widget\" data-widget_type=\"heading.default\">\n\t\t\t\t<div class=\"elementor-widget-container\">\n\t\t\t\t\t<p class=\"elementor-heading-title elementor-size-default\">Erfolgreich verschickt<\/p>\t\t\t\t<\/div>\n\t\t\t\t<\/div>\n\t\t\t\t<div class=\"elementor-element elementor-element-5f398d78 elementor-widget__width-initial elementor-widget elementor-widget-heading\" data-id=\"5f398d78\" data-element_type=\"widget\" data-e-type=\"widget\" data-widget_type=\"heading.default\">\n\t\t\t\t<div class=\"elementor-widget-container\">\n\t\t\t\t\t<h1 class=\"elementor-heading-title elementor-size-default\">Danke!<\/h1>\t\t\t\t<\/div>\n\t\t\t\t<\/div>\n\t\t\t\t<div class=\"elementor-element elementor-element-2b419fdf elementor-widget-mobile__width-inherit elementor-widget elementor-widget-text-editor\" data-id=\"2b419fdf\" data-element_type=\"widget\" data-e-type=\"widget\" data-widget_type=\"text-editor.default\">\n\t\t\t\t<div class=\"elementor-widget-container\">\n\t\t\t\t\t\t\t\t\t<p>Wir haben Ihre Kontaktanfrage ordnungsgem\u00e4\u00df erhalten und werden uns so schnell wie m\u00f6glich bei Ihnen melden.<\/p><p>Sie erhalten au\u00dferdem eine Kopie Ihrer Bewerbung per E-Mail. Bitte pr\u00fcfen Sie auch Ihren Spam-Ordner, falls Sie die Nachricht nicht innerhalb von 15 Minuten erhalten haben. <\/p><p>Haben Sie noch Fragen? Kontaktieren Sie uns einfach. <\/p>\t\t\t\t\t\t\t\t<\/div>\n\t\t\t\t<\/div>\n\t\t<div class=\"has_ae_slider elementor-element elementor-element-c0bca92 e-con-full e-flex ae-bg-gallery-type-default e-con e-child\" data-id=\"c0bca92\" data-element_type=\"container\" data-e-type=\"container\">\n\t\t<div class=\"has_ae_slider elementor-element elementor-element-7dd510f e-con-full e-flex ae-bg-gallery-type-default e-con e-child\" data-id=\"7dd510f\" data-element_type=\"container\" data-e-type=\"container\">\n\t\t\t\t<div class=\"elementor-element elementor-element-6d3f4a9 elementor-widget elementor-widget-heading\" data-id=\"6d3f4a9\" data-element_type=\"widget\" data-e-type=\"widget\" data-widget_type=\"heading.default\">\n\t\t\t\t<div class=\"elementor-widget-container\">\n\t\t\t\t\t<p class=\"elementor-heading-title elementor-size-default\">Kontaktangaben<\/p>\t\t\t\t<\/div>\n\t\t\t\t<\/div>\n\t\t\t\t<div class=\"elementor-element elementor-element-b073680 elementor-widget elementor-widget-text-editor\" data-id=\"b073680\" data-element_type=\"widget\" data-e-type=\"widget\" data-widget_type=\"text-editor.default\">\n\t\t\t\t<div class=\"elementor-widget-container\">\n\t\t\t\t\t\t\t\t\t<p>Laagerfseweg 29<br>3931 PC Woudenberg<\/p><p><a href=\"https:\/\/www.google.com\/maps\/place\/Lewo+B.V.\/@52.0771031,5.4444675,1947m\/data=!3m2!1e3!4b1!4m6!3m5!1s0x47c64558397d0915:0xdde3ab24022186cb!8m2!3d52.0771032!4d5.4493384!16s%2Fg%2F1wz51xyn?entry=ttu&amp;g_ep=EgoyMDI1MDYzMC4wIKXMDSoASAFQAw%3D%3D\" target=\"_blank\" rel=\"noopener\" data-wplink-edit=\"true\">Wegbeschreibung anzeigen<\/a><\/p>\t\t\t\t\t\t\t\t<\/div>\n\t\t\t\t<\/div>\n\t\t\t\t<div class=\"elementor-element elementor-element-bdd2b94 elementor-widget elementor-widget-text-editor\" data-id=\"bdd2b94\" data-element_type=\"widget\" data-e-type=\"widget\" data-widget_type=\"text-editor.default\">\n\t\t\t\t<div class=\"elementor-widget-container\">\n\t\t\t\t\t\t\t\t\t<p>T: <a href=\"tel:+31332861075\">033 286 1075<\/a><br>E: <a href=\"mailto:sales@ihs-group.com\">sales@ihs-group.com<\/a><\/p>\t\t\t\t\t\t\t\t<\/div>\n\t\t\t\t<\/div>\n\t\t\t\t<\/div>\n\t\t<div class=\"has_ae_slider elementor-element elementor-element-d43f2c5 e-con-full e-flex ae-bg-gallery-type-default e-con e-child\" data-id=\"d43f2c5\" data-element_type=\"container\" data-e-type=\"container\">\n\t\t\t\t<\/div>\n\t\t\t\t<\/div>\n\t\t\t\t<\/div>\n\t\t<div class=\"has_ae_slider elementor-element elementor-element-f2fce00 e-con-full e-flex ae-bg-gallery-type-default e-con e-child\" data-id=\"f2fce00\" data-element_type=\"container\" data-e-type=\"container\">\n\t\t\t\t<div class=\"elementor-element elementor-element-e7b0e48 elementor-widget elementor-widget-image\" data-id=\"e7b0e48\" data-element_type=\"widget\" data-e-type=\"widget\" data-widget_type=\"image.default\">\n\t\t\t\t<div class=\"elementor-widget-container\">\n\t\t\t\t\t\t\t\t\t\t\t\t\t\t\t<img fetchpriority=\"high\" decoding=\"async\" width=\"800\" height=\"480\" src=\"https:\/\/www.dhkproducts.com\/app\/uploads\/2025\/09\/Haardenspeciaalzaken-professionals-HDK-Products-1-1024x614.avif\" class=\"attachment-large size-large wp-image-3647\" alt=\"Een moderne eethoek met een lichte houten tafel, zes bruine gestoffeerde stoelen, glazen vazen als middelpunt, betonnen muren en twee open haarden - een zwarte vrijstaande met stijlvolle haardaccessoires en een ingebouwd in een wand met houten panelen.\" srcset=\"https:\/\/www.dhkproducts.com\/app\/uploads\/2025\/09\/Haardenspeciaalzaken-professionals-HDK-Products-1-1024x614.avif 1024w, https:\/\/www.dhkproducts.com\/app\/uploads\/2025\/09\/Haardenspeciaalzaken-professionals-HDK-Products-1-300x180.avif 300w, https:\/\/www.dhkproducts.com\/app\/uploads\/2025\/09\/Haardenspeciaalzaken-professionals-HDK-Products-1-768x461.avif 768w, https:\/\/www.dhkproducts.com\/app\/uploads\/2025\/09\/Haardenspeciaalzaken-professionals-HDK-Products-1.avif 1500w\" sizes=\"(max-width: 800px) 100vw, 800px\" \/>\t\t\t\t\t\t\t\t\t\t\t\t\t\t\t<\/div>\n\t\t\t\t<\/div>\n\t\t\t\t<\/div>\n\t\t\t\t\t<\/div>\n\t\t\t\t<\/section>\n\t\t\t\t<\/div>\n\t\t","protected":false},"excerpt":{"rendered":"<p>Erfolgreich verschickt Danke! Wir haben Ihre Kontaktanfrage ordnungsgem\u00e4\u00df erhalten und werden uns so schnell wie m\u00f6glich bei Ihnen melden. Sie erhalten au\u00dferdem eine Kopie Ihrer Bewerbung per E-Mail. Bitte pr\u00fcfen Sie auch Ihren Spam-Ordner, falls Sie die Nachricht nicht innerhalb von 15 Minuten erhalten haben. Haben Sie noch Fragen? Kontaktieren Sie uns einfach. Kontaktangaben Laagerfseweg [&hellip;]<\/p>\n","protected":false},"author":2,"featured_media":0,"parent":0,"menu_order":0,"comment_status":"closed","ping_status":"closed","template":"","meta":{"_acf_changed":false,"footnotes":""},"project":[],"class_list":["post-3522","page","type-page","status-publish","hentry"],"acf":[],"yoast_head":"<!-- This site is optimized with the Yoast SEO plugin v27.0 - https:\/\/yoast.com\/product\/yoast-seo-wordpress\/ -->\n<title>Kontakt Dank - DHK Products<\/title>\n<meta name=\"description\" content=\"Haben Sie Fragen oder m\u00f6chten Sie eine unverbindliche Beratung? Nehmen Sie direkt mit unseren Beratern Kontakt auf. Wir denken gerne mit Ihnen mit.\" \/>\n<meta name=\"robots\" content=\"noindex, follow\" \/>\n<meta property=\"og:locale\" content=\"de_DE\" \/>\n<meta property=\"og:type\" content=\"article\" \/>\n<meta property=\"og:title\" content=\"Kontakt Dank - DHK Products\" \/>\n<meta property=\"og:description\" content=\"Haben Sie Fragen oder m\u00f6chten Sie eine unverbindliche Beratung? Nehmen Sie direkt mit unseren Beratern Kontakt auf. Wir denken gerne mit Ihnen mit.\" \/>\n<meta property=\"og:url\" content=\"https:\/\/www.dhkproducts.com\/de\/kontakt-dank\/\" \/>\n<meta property=\"og:site_name\" content=\"DHK Products\" \/>\n<meta property=\"article:modified_time\" content=\"2025-10-14T13:18:54+00:00\" \/>\n<meta name=\"twitter:card\" content=\"summary_large_image\" \/>\n<script type=\"application\/ld+json\" class=\"yoast-schema-graph\">{\"@context\":\"https:\/\/schema.org\",\"@graph\":[{\"@type\":\"WebPage\",\"@id\":\"https:\/\/www.dhkproducts.com\/de\/kontakt-dank\/\",\"url\":\"https:\/\/www.dhkproducts.com\/de\/kontakt-dank\/\",\"name\":\"Kontakt Dank - DHK Products\",\"isPartOf\":{\"@id\":\"https:\/\/www.dhkproducts.com\/de\/#website\"},\"primaryImageOfPage\":{\"@id\":\"https:\/\/www.dhkproducts.com\/de\/kontakt-dank\/#primaryimage\"},\"image\":{\"@id\":\"https:\/\/www.dhkproducts.com\/de\/kontakt-dank\/#primaryimage\"},\"thumbnailUrl\":\"https:\/\/www.dhkproducts.com\/app\/uploads\/2025\/09\/Haardenspeciaalzaken-professionals-HDK-Products-1-1024x614.avif\",\"datePublished\":\"2025-09-19T09:39:45+00:00\",\"dateModified\":\"2025-10-14T13:18:54+00:00\",\"description\":\"Haben Sie Fragen oder m\u00f6chten Sie eine unverbindliche Beratung? Nehmen Sie direkt mit unseren Beratern Kontakt auf. Wir denken gerne mit Ihnen mit.\",\"breadcrumb\":{\"@id\":\"https:\/\/www.dhkproducts.com\/de\/kontakt-dank\/#breadcrumb\"},\"inLanguage\":\"de-DE\",\"potentialAction\":[{\"@type\":\"ReadAction\",\"target\":[\"https:\/\/www.dhkproducts.com\/de\/kontakt-dank\/\"]}]},{\"@type\":\"ImageObject\",\"inLanguage\":\"de-DE\",\"@id\":\"https:\/\/www.dhkproducts.com\/de\/kontakt-dank\/#primaryimage\",\"url\":\"https:\/\/www.dhkproducts.com\/app\/uploads\/2025\/09\/Haardenspeciaalzaken-professionals-HDK-Products-1-1024x614.avif\",\"contentUrl\":\"https:\/\/www.dhkproducts.com\/app\/uploads\/2025\/09\/Haardenspeciaalzaken-professionals-HDK-Products-1-1024x614.avif\"},{\"@type\":\"BreadcrumbList\",\"@id\":\"https:\/\/www.dhkproducts.com\/de\/kontakt-dank\/#breadcrumb\",\"itemListElement\":[{\"@type\":\"ListItem\",\"position\":1,\"name\":\"Home\",\"item\":\"https:\/\/www.dhkproducts.com\/de\/\"},{\"@type\":\"ListItem\",\"position\":2,\"name\":\"Kontakt Dank\"}]},{\"@type\":\"WebSite\",\"@id\":\"https:\/\/www.dhkproducts.com\/de\/#website\",\"url\":\"https:\/\/www.dhkproducts.com\/de\/\",\"name\":\"DHK Products\",\"description\":\"Alles rondom jouw vuur\",\"publisher\":{\"@id\":\"https:\/\/www.dhkproducts.com\/de\/#organization\"},\"potentialAction\":[{\"@type\":\"SearchAction\",\"target\":{\"@type\":\"EntryPoint\",\"urlTemplate\":\"https:\/\/www.dhkproducts.com\/de\/?s={search_term_string}\"},\"query-input\":{\"@type\":\"PropertyValueSpecification\",\"valueRequired\":true,\"valueName\":\"search_term_string\"}}],\"inLanguage\":\"de-DE\"},{\"@type\":\"Organization\",\"@id\":\"https:\/\/www.dhkproducts.com\/de\/#organization\",\"name\":\"DHK Products\",\"url\":\"https:\/\/www.dhkproducts.com\/de\/\",\"logo\":{\"@type\":\"ImageObject\",\"inLanguage\":\"de-DE\",\"@id\":\"https:\/\/www.dhkproducts.com\/de\/#\/schema\/logo\/image\/\",\"url\":\"https:\/\/www.dhkproducts.com\/app\/uploads\/2025\/06\/dHk-logo-origineel.svg\",\"contentUrl\":\"https:\/\/www.dhkproducts.com\/app\/uploads\/2025\/06\/dHk-logo-origineel.svg\",\"width\":277,\"height\":247,\"caption\":\"DHK Products\"},\"image\":{\"@id\":\"https:\/\/www.dhkproducts.com\/de\/#\/schema\/logo\/image\/\"}}]}<\/script>\n<!-- \/ Yoast SEO plugin. -->","yoast_head_json":{"title":"Kontakt Dank - DHK Products","description":"Haben Sie Fragen oder m\u00f6chten Sie eine unverbindliche Beratung? Nehmen Sie direkt mit unseren Beratern Kontakt auf. Wir denken gerne mit Ihnen mit.","robots":{"index":"noindex","follow":"follow"},"og_locale":"de_DE","og_type":"article","og_title":"Kontakt Dank - DHK Products","og_description":"Haben Sie Fragen oder m\u00f6chten Sie eine unverbindliche Beratung? Nehmen Sie direkt mit unseren Beratern Kontakt auf. Wir denken gerne mit Ihnen mit.","og_url":"https:\/\/www.dhkproducts.com\/de\/kontakt-dank\/","og_site_name":"DHK Products","article_modified_time":"2025-10-14T13:18:54+00:00","twitter_card":"summary_large_image","schema":{"@context":"https:\/\/schema.org","@graph":[{"@type":"WebPage","@id":"https:\/\/www.dhkproducts.com\/de\/kontakt-dank\/","url":"https:\/\/www.dhkproducts.com\/de\/kontakt-dank\/","name":"Kontakt Dank - DHK Products","isPartOf":{"@id":"https:\/\/www.dhkproducts.com\/de\/#website"},"primaryImageOfPage":{"@id":"https:\/\/www.dhkproducts.com\/de\/kontakt-dank\/#primaryimage"},"image":{"@id":"https:\/\/www.dhkproducts.com\/de\/kontakt-dank\/#primaryimage"},"thumbnailUrl":"https:\/\/www.dhkproducts.com\/app\/uploads\/2025\/09\/Haardenspeciaalzaken-professionals-HDK-Products-1-1024x614.avif","datePublished":"2025-09-19T09:39:45+00:00","dateModified":"2025-10-14T13:18:54+00:00","description":"Haben Sie Fragen oder m\u00f6chten Sie eine unverbindliche Beratung? Nehmen Sie direkt mit unseren Beratern Kontakt auf. Wir denken gerne mit Ihnen mit.","breadcrumb":{"@id":"https:\/\/www.dhkproducts.com\/de\/kontakt-dank\/#breadcrumb"},"inLanguage":"de-DE","potentialAction":[{"@type":"ReadAction","target":["https:\/\/www.dhkproducts.com\/de\/kontakt-dank\/"]}]},{"@type":"ImageObject","inLanguage":"de-DE","@id":"https:\/\/www.dhkproducts.com\/de\/kontakt-dank\/#primaryimage","url":"https:\/\/www.dhkproducts.com\/app\/uploads\/2025\/09\/Haardenspeciaalzaken-professionals-HDK-Products-1-1024x614.avif","contentUrl":"https:\/\/www.dhkproducts.com\/app\/uploads\/2025\/09\/Haardenspeciaalzaken-professionals-HDK-Products-1-1024x614.avif"},{"@type":"BreadcrumbList","@id":"https:\/\/www.dhkproducts.com\/de\/kontakt-dank\/#breadcrumb","itemListElement":[{"@type":"ListItem","position":1,"name":"Home","item":"https:\/\/www.dhkproducts.com\/de\/"},{"@type":"ListItem","position":2,"name":"Kontakt Dank"}]},{"@type":"WebSite","@id":"https:\/\/www.dhkproducts.com\/de\/#website","url":"https:\/\/www.dhkproducts.com\/de\/","name":"DHK Products","description":"Alles rondom jouw vuur","publisher":{"@id":"https:\/\/www.dhkproducts.com\/de\/#organization"},"potentialAction":[{"@type":"SearchAction","target":{"@type":"EntryPoint","urlTemplate":"https:\/\/www.dhkproducts.com\/de\/?s={search_term_string}"},"query-input":{"@type":"PropertyValueSpecification","valueRequired":true,"valueName":"search_term_string"}}],"inLanguage":"de-DE"},{"@type":"Organization","@id":"https:\/\/www.dhkproducts.com\/de\/#organization","name":"DHK Products","url":"https:\/\/www.dhkproducts.com\/de\/","logo":{"@type":"ImageObject","inLanguage":"de-DE","@id":"https:\/\/www.dhkproducts.com\/de\/#\/schema\/logo\/image\/","url":"https:\/\/www.dhkproducts.com\/app\/uploads\/2025\/06\/dHk-logo-origineel.svg","contentUrl":"https:\/\/www.dhkproducts.com\/app\/uploads\/2025\/06\/dHk-logo-origineel.svg","width":277,"height":247,"caption":"DHK Products"},"image":{"@id":"https:\/\/www.dhkproducts.com\/de\/#\/schema\/logo\/image\/"}}]}},"_links":{"self":[{"href":"https:\/\/www.dhkproducts.com\/de\/wp-json\/wp\/v2\/pages\/3522","targetHints":{"allow":["GET"]}}],"collection":[{"href":"https:\/\/www.dhkproducts.com\/de\/wp-json\/wp\/v2\/pages"}],"about":[{"href":"https:\/\/www.dhkproducts.com\/de\/wp-json\/wp\/v2\/types\/page"}],"author":[{"embeddable":true,"href":"https:\/\/www.dhkproducts.com\/de\/wp-json\/wp\/v2\/users\/2"}],"replies":[{"embeddable":true,"href":"https:\/\/www.dhkproducts.com\/de\/wp-json\/wp\/v2\/comments?post=3522"}],"version-history":[{"count":2,"href":"https:\/\/www.dhkproducts.com\/de\/wp-json\/wp\/v2\/pages\/3522\/revisions"}],"predecessor-version":[{"id":4297,"href":"https:\/\/www.dhkproducts.com\/de\/wp-json\/wp\/v2\/pages\/3522\/revisions\/4297"}],"wp:attachment":[{"href":"https:\/\/www.dhkproducts.com\/de\/wp-json\/wp\/v2\/media?parent=3522"}],"wp:term":[{"taxonomy":"project","embeddable":true,"href":"https:\/\/www.dhkproducts.com\/de\/wp-json\/wp\/v2\/project?post=3522"}],"curies":[{"name":"wp","href":"https:\/\/api.w.org\/{rel}","templated":true}]}}