{"id":3615,"date":"2025-06-18T11:11:10","date_gmt":"2025-06-18T11:11:10","guid":{"rendered":"https:\/\/www.dhkproducts.com\/sitemap\/"},"modified":"2025-10-09T08:55:19","modified_gmt":"2025-10-09T08:55:19","slug":"sitemap","status":"publish","type":"page","link":"https:\/\/www.dhkproducts.com\/de\/sitemap\/","title":{"rendered":"Sitemap"},"content":{"rendered":"\t\t<div data-elementor-type=\"wp-page\" data-elementor-id=\"3615\" class=\"elementor elementor-3615 elementor-82\" data-elementor-post-type=\"page\">\n\t\t\t\t<div class=\"has_ae_slider elementor-element elementor-element-7ceea661 e-flex e-con-boxed ae-bg-gallery-type-default e-con e-parent\" data-id=\"7ceea661\" data-element_type=\"container\" data-e-type=\"container\" data-settings=\"{&quot;background_background&quot;:&quot;classic&quot;}\">\n\t\t\t\t\t<div class=\"e-con-inner\">\n\t\t\t\t<div class=\"elementor-element elementor-element-735013fc elementor-widget__width-initial elementor-widget elementor-widget-heading\" data-id=\"735013fc\" data-element_type=\"widget\" data-e-type=\"widget\" data-widget_type=\"heading.default\">\n\t\t\t\t<div class=\"elementor-widget-container\">\n\t\t\t\t\t<h1 class=\"elementor-heading-title elementor-size-default\">Sitemap<\/h1>\t\t\t\t<\/div>\n\t\t\t\t<\/div>\n\t\t\t\t\t<\/div>\n\t\t\t\t<\/div>\n\t\t<div class=\"has_ae_slider elementor-element elementor-element-256410d3 e-flex e-con-boxed ae-bg-gallery-type-default e-con e-parent\" data-id=\"256410d3\" data-element_type=\"container\" data-e-type=\"container\">\n\t\t\t\t\t<div class=\"e-con-inner\">\n\t\t\t\t<div class=\"elementor-element elementor-element-3320d8a3 elementor-widget__width-inherit elementor-widget elementor-widget-sitemap\" data-id=\"3320d8a3\" data-element_type=\"widget\" data-e-type=\"widget\" data-widget_type=\"sitemap.default\">\n\t\t\t\t<div class=\"elementor-widget-container\">\n\t\t\t\t\t<div class=\"elementor-sitemap-wrap\"><div class=\"elementor-sitemap-section\"><h2 class=\"elementor-sitemap-title elementor-sitemap-page-title\">Pages<\/h2><ul class=\"elementor-sitemap-list elementor-sitemap-page-list\"><li class=\"elementor-sitemap-item elementor-sitemap-item-page page_item page-item-3608\"><a href=\"https:\/\/www.dhkproducts.com\/de\/rauchrohrsysteme-und-zubehoer\/\">Rauchrohrsysteme und Zubeh\u00f6r<\/a><\/li><li class=\"elementor-sitemap-item elementor-sitemap-item-page page_item page-item-5523\"><a href=\"https:\/\/www.dhkproducts.com\/de\/zubehor-fur-ofen-und-kamine\/\">Zubeh\u00f6r f\u00fcr \u00d6fen und Kamine<\/a><\/li><li class=\"elementor-sitemap-item elementor-sitemap-item-page page_item page-item-3585\"><a href=\"https:\/\/www.dhkproducts.com\/de\/ueber-dhk\/\">\u00dcber DHK<\/a><\/li><li class=\"elementor-sitemap-item elementor-sitemap-item-page page_item page-item-3522\"><a href=\"https:\/\/www.dhkproducts.com\/de\/kontakt-dank\/\">Kontakt Dank<\/a><\/li><li class=\"elementor-sitemap-item elementor-sitemap-item-page page_item page-item-3583\"><a href=\"https:\/\/www.dhkproducts.com\/de\/nachrichten-inspiration\/\">Nachrichten &amp; Inspiration<\/a><\/li><li class=\"elementor-sitemap-item elementor-sitemap-item-page page_item page-item-3619\"><a href=\"https:\/\/www.dhkproducts.com\/de\/haeufig-gestellte-fragen\/\">H\u00e4ufig gestellte Fragen<\/a><\/li><li class=\"elementor-sitemap-item elementor-sitemap-item-page page_item page-item-3617\"><a href=\"https:\/\/www.dhkproducts.com\/de\/sparklet-management\/\">Sparklet Management<\/a><\/li><li class=\"elementor-sitemap-item elementor-sitemap-item-page page_item page-item-3953\"><a href=\"https:\/\/www.dhkproducts.com\/de\/wo-zu-kaufen\/\">Wo zu kaufen<\/a><\/li><li class=\"elementor-sitemap-item elementor-sitemap-item-page page_item page-item-4171\"><a href=\"https:\/\/www.dhkproducts.com\/de\/anfrage-zum-kauf-eines-kontos\/\">Anfrage zum Kauf eines Kontos<\/a><\/li><li class=\"elementor-sitemap-item elementor-sitemap-item-page page_item page-item-5972\"><a href=\"https:\/\/www.dhkproducts.com\/de\/zubehor-fur-ofen-und-kamine-5\/\">Zubeh\u00f6r f\u00fcr \u00d6fen und Kamine<\/a><\/li><li class=\"elementor-sitemap-item elementor-sitemap-item-page page_item page-item-3546\"><a href=\"https:\/\/www.dhkproducts.com\/de\/anmelden-und-bestellen\/\">Anmelden und bestellen<\/a><\/li><li class=\"elementor-sitemap-item elementor-sitemap-item-page page_item page-item-6070\"><a href=\"https:\/\/www.dhkproducts.com\/de\/zubehor-fur-ofen-und-kamine-6\/\">Zubeh\u00f6r f\u00fcr \u00d6fen und Kamine<\/a><\/li><li class=\"elementor-sitemap-item elementor-sitemap-item-page page_item page-item-3516\"><a href=\"https:\/\/www.dhkproducts.com\/de\/kontakt\/\">Kontakt<\/a><\/li><li class=\"elementor-sitemap-item elementor-sitemap-item-page page_item page-item-5641\"><a href=\"https:\/\/www.dhkproducts.com\/de\/zubehor-fur-ofen-und-kamine-3\/\">Zubeh\u00f6r f\u00fcr \u00d6fen und Kamine<\/a><\/li><li class=\"elementor-sitemap-item elementor-sitemap-item-page page_item page-item-3556\"><a href=\"https:\/\/www.dhkproducts.com\/de\/zubehoer-fuer-oefen-und-kamine\/\">Zubeh\u00f6r f\u00fcr \u00d6fen und Kamine<\/a><\/li><li class=\"elementor-sitemap-item elementor-sitemap-item-page page_item page-item-3602\"><a href=\"https:\/\/www.dhkproducts.com\/de\/produkte\/\">Produkte<\/a><\/li><li class=\"elementor-sitemap-item elementor-sitemap-item-page page_item page-item-3540\"><a href=\"https:\/\/www.dhkproducts.com\/de\/werkzeuge-fuer-reparatur-und-reinigung\/\">Werkzeuge f\u00fcr Reparatur und Reinigung<\/a><\/li><li class=\"elementor-sitemap-item elementor-sitemap-item-page page_item page-item-3623\"><a href=\"https:\/\/www.dhkproducts.com\/de\/fuer-fachleute\/\">F\u00fcr Fachleute<\/a><ul class='children'><li class=\"elementor-sitemap-item elementor-sitemap-item-page page_item page-item-3650\"><a href=\"https:\/\/www.dhkproducts.com\/de\/fuer-fachleute\/installateure\/\">Installateure<\/a><\/li><li class=\"elementor-sitemap-item elementor-sitemap-item-page page_item page-item-6222\"><a href=\"https:\/\/www.dhkproducts.com\/de\/fuer-fachleute\/schornsteinfeger-2\/\">Schornsteinfeger<\/a><\/li><li class=\"elementor-sitemap-item elementor-sitemap-item-page page_item page-item-3625\"><a href=\"https:\/\/www.dhkproducts.com\/de\/fuer-fachleute\/spezialisten-fuer-kamine\/\">Spezialisten f\u00fcr Kamine<\/a><\/li><li class=\"elementor-sitemap-item elementor-sitemap-item-page page_item page-item-3652\"><a href=\"https:\/\/www.dhkproducts.com\/de\/fuer-fachleute\/schornsteinfeger\/\">Schornsteinfeger<\/a><\/li><li class=\"elementor-sitemap-item elementor-sitemap-item-page page_item page-item-3951\"><a href=\"https:\/\/www.dhkproducts.com\/de\/fuer-fachleute\/webshops\/\">Webshops<\/a><\/li><\/ul><\/li><li class=\"elementor-sitemap-item elementor-sitemap-item-page page_item page-item-5392\"><a href=\"https:\/\/www.dhkproducts.com\/de\/danke-fuer-anfrage\/\">Danke f\u00fcr Ihre anfrage<\/a><\/li><li class=\"elementor-sitemap-item elementor-sitemap-item-page page_item page-item-5723\"><a href=\"https:\/\/www.dhkproducts.com\/de\/zubehor-fur-ofen-und-kamine-4\/\">Zubeh\u00f6r f\u00fcr \u00d6fen und Kamine<\/a><\/li><li class=\"elementor-sitemap-item elementor-sitemap-item-page page_item page-item-5411\"><a href=\"https:\/\/www.dhkproducts.com\/de\/zubehor-fur-ofen-und-kamine-2\/\">Zubeh\u00f6r f\u00fcr \u00d6fen und Kamine<\/a><\/li><li class=\"elementor-sitemap-item elementor-sitemap-item-page page_item page-item-3524\"><a href=\"https:\/\/www.dhkproducts.com\/de\/\">DHK Produkte<\/a><\/li><li class=\"elementor-sitemap-item elementor-sitemap-item-page page_item page-item-3615\"><a href=\"https:\/\/www.dhkproducts.com\/de\/sitemap\/\">Sitemap<\/a><\/li><li class=\"elementor-sitemap-item elementor-sitemap-item-page page_item page-item-3549\"><a href=\"https:\/\/www.dhkproducts.com\/de\/isoliermaterial\/\">Isoliermaterial<\/a><\/li><\/ul><\/div><div class=\"elementor-sitemap-section\"><h2 class=\"elementor-sitemap-title elementor-sitemap-post-title\">Berichten<\/h2><ul class=\"elementor-sitemap-list elementor-sitemap-post-list\"><li class=\"elementor-sitemap-item elementor-sitemap-item-post page_item page-item-6412\"><a href=\"https:\/\/www.dhkproducts.com\/de\/montage-und-dichtungsmaterialien-pro-4\/\">Montage- und Dichtungsmaterialien (PRO)<\/a><\/li><li class=\"elementor-sitemap-item elementor-sitemap-item-post page_item page-item-6398\"><a href=\"https:\/\/www.dhkproducts.com\/de\/montage-und-dichtungsmaterialien-pro-3\/\">Montage- und Dichtungsmaterialien (PRO)<\/a><\/li><li class=\"elementor-sitemap-item elementor-sitemap-item-post page_item page-item-6248\"><a href=\"https:\/\/www.dhkproducts.com\/de\/montage-und-dichtungsmaterialien-pro-2\/\">Montage- und Dichtungsmaterialien (PRO)<\/a><\/li><li class=\"elementor-sitemap-item elementor-sitemap-item-post page_item page-item-5782\"><a href=\"https:\/\/www.dhkproducts.com\/de\/montage-und-dichtungsmaterialien-pro\/\">Montage- und Dichtungsmaterialien (PRO)<\/a><\/li><li class=\"elementor-sitemap-item elementor-sitemap-item-post page_item page-item-5321\"><a href=\"https:\/\/www.dhkproducts.com\/de\/kemp-verschliessbares-luftzufuhr-set\/\">KEMP verschlie\u00dfbares Luftzufuhr-Set: Unverzichtbar f\u00fcr einen sicheren und komfortablen Ofen<\/a><\/li><li class=\"elementor-sitemap-item elementor-sitemap-item-post page_item page-item-5295\"><a href=\"https:\/\/www.dhkproducts.com\/de\/dhk-als-teil-der-ihs-group-3\/\">DHK als Teil der IHS Group<\/a><\/li><li class=\"elementor-sitemap-item elementor-sitemap-item-post page_item page-item-5267\"><a href=\"https:\/\/www.dhkproducts.com\/de\/kundenreferenz-ambianza-x-rodstation\/\">Effizientere Schornsteinreinigung mit professionellem Werkzeug: Rodstations Ambianza<\/a><\/li><li class=\"elementor-sitemap-item elementor-sitemap-item-post page_item page-item-4898\"><a href=\"https:\/\/www.dhkproducts.com\/de\/dhk-als-teil-der-ihs-group-2\/\">DHK als Teil der IHS Group<\/a><\/li><li class=\"elementor-sitemap-item elementor-sitemap-item-post page_item page-item-4538\"><a href=\"https:\/\/www.dhkproducts.com\/de\/dhk-als-teil-der-ihs-group\/\">DHK als Teil der IHS Group<\/a><\/li><li class=\"elementor-sitemap-item elementor-sitemap-item-post page_item page-item-4546\"><a href=\"https:\/\/www.dhkproducts.com\/de\/wie-sparen-sie-zeit-bei-der-buendelung-von-installationsmaterialien-fuer-raumheizungsanlagen\/\">Wie sparen Sie Zeit bei der B\u00fcndelung von Installationsmaterialien f\u00fcr Raumheizungsanlagen?<\/a><\/li><li class=\"elementor-sitemap-item elementor-sitemap-item-post page_item page-item-4557\"><a href=\"https:\/\/www.dhkproducts.com\/de\/vervollstaendigen-sie-ihr-angebot-mit-einer-vollstaendigen-palette\/\">Vervollst\u00e4ndigen Sie Ihr Angebot mit einer vollst\u00e4ndigen Palette<\/a><\/li><\/ul><\/div><\/div>\t\t\t\t<\/div>\n\t\t\t\t<\/div>\n\t\t\t\t\t<\/div>\n\t\t\t\t<\/div>\n\t\t\t\t<\/div>\n\t\t","protected":false},"excerpt":{"rendered":"<p>Sitemap<\/p>\n","protected":false},"author":1,"featured_media":0,"parent":0,"menu_order":0,"comment_status":"closed","ping_status":"closed","template":"","meta":{"_acf_changed":false,"footnotes":""},"project":[],"class_list":["post-3615","page","type-page","status-publish","hentry"],"acf":[],"yoast_head":"<!-- This site is optimized with the Yoast SEO plugin v27.0 - https:\/\/yoast.com\/product\/yoast-seo-wordpress\/ -->\n<title>Sitemap - DHK Products<\/title>\n<meta name=\"robots\" content=\"index, follow, max-snippet:-1, max-image-preview:large, max-video-preview:-1\" \/>\n<link rel=\"canonical\" href=\"https:\/\/www.dhkproducts.com\/de\/sitemap\/\" \/>\n<meta property=\"og:locale\" content=\"de_DE\" \/>\n<meta property=\"og:type\" content=\"article\" \/>\n<meta property=\"og:title\" content=\"Sitemap - DHK Products\" \/>\n<meta property=\"og:description\" content=\"Sitemap\" \/>\n<meta property=\"og:url\" content=\"https:\/\/www.dhkproducts.com\/de\/sitemap\/\" \/>\n<meta property=\"og:site_name\" content=\"DHK Products\" \/>\n<meta property=\"article:modified_time\" content=\"2025-10-09T08:55:19+00:00\" \/>\n<meta name=\"twitter:card\" content=\"summary_large_image\" \/>\n<script type=\"application\/ld+json\" class=\"yoast-schema-graph\">{\"@context\":\"https:\/\/schema.org\",\"@graph\":[{\"@type\":\"WebPage\",\"@id\":\"https:\/\/www.dhkproducts.com\/de\/sitemap\/\",\"url\":\"https:\/\/www.dhkproducts.com\/de\/sitemap\/\",\"name\":\"Sitemap - DHK Products\",\"isPartOf\":{\"@id\":\"https:\/\/www.dhkproducts.com\/de\/#website\"},\"datePublished\":\"2025-06-18T11:11:10+00:00\",\"dateModified\":\"2025-10-09T08:55:19+00:00\",\"breadcrumb\":{\"@id\":\"https:\/\/www.dhkproducts.com\/de\/sitemap\/#breadcrumb\"},\"inLanguage\":\"de-DE\",\"potentialAction\":[{\"@type\":\"ReadAction\",\"target\":[\"https:\/\/www.dhkproducts.com\/de\/sitemap\/\"]}]},{\"@type\":\"BreadcrumbList\",\"@id\":\"https:\/\/www.dhkproducts.com\/de\/sitemap\/#breadcrumb\",\"itemListElement\":[{\"@type\":\"ListItem\",\"position\":1,\"name\":\"Home\",\"item\":\"https:\/\/www.dhkproducts.com\/de\/\"},{\"@type\":\"ListItem\",\"position\":2,\"name\":\"Sitemap\"}]},{\"@type\":\"WebSite\",\"@id\":\"https:\/\/www.dhkproducts.com\/de\/#website\",\"url\":\"https:\/\/www.dhkproducts.com\/de\/\",\"name\":\"DHK Products\",\"description\":\"Alles rondom jouw vuur\",\"publisher\":{\"@id\":\"https:\/\/www.dhkproducts.com\/de\/#organization\"},\"potentialAction\":[{\"@type\":\"SearchAction\",\"target\":{\"@type\":\"EntryPoint\",\"urlTemplate\":\"https:\/\/www.dhkproducts.com\/de\/?s={search_term_string}\"},\"query-input\":{\"@type\":\"PropertyValueSpecification\",\"valueRequired\":true,\"valueName\":\"search_term_string\"}}],\"inLanguage\":\"de-DE\"},{\"@type\":\"Organization\",\"@id\":\"https:\/\/www.dhkproducts.com\/de\/#organization\",\"name\":\"DHK Products\",\"url\":\"https:\/\/www.dhkproducts.com\/de\/\",\"logo\":{\"@type\":\"ImageObject\",\"inLanguage\":\"de-DE\",\"@id\":\"https:\/\/www.dhkproducts.com\/de\/#\/schema\/logo\/image\/\",\"url\":\"https:\/\/www.dhkproducts.com\/app\/uploads\/2025\/06\/dHk-logo-origineel.svg\",\"contentUrl\":\"https:\/\/www.dhkproducts.com\/app\/uploads\/2025\/06\/dHk-logo-origineel.svg\",\"width\":277,\"height\":247,\"caption\":\"DHK Products\"},\"image\":{\"@id\":\"https:\/\/www.dhkproducts.com\/de\/#\/schema\/logo\/image\/\"}}]}<\/script>\n<!-- \/ Yoast SEO plugin. -->","yoast_head_json":{"title":"Sitemap - DHK Products","robots":{"index":"index","follow":"follow","max-snippet":"max-snippet:-1","max-image-preview":"max-image-preview:large","max-video-preview":"max-video-preview:-1"},"canonical":"https:\/\/www.dhkproducts.com\/de\/sitemap\/","og_locale":"de_DE","og_type":"article","og_title":"Sitemap - DHK Products","og_description":"Sitemap","og_url":"https:\/\/www.dhkproducts.com\/de\/sitemap\/","og_site_name":"DHK Products","article_modified_time":"2025-10-09T08:55:19+00:00","twitter_card":"summary_large_image","schema":{"@context":"https:\/\/schema.org","@graph":[{"@type":"WebPage","@id":"https:\/\/www.dhkproducts.com\/de\/sitemap\/","url":"https:\/\/www.dhkproducts.com\/de\/sitemap\/","name":"Sitemap - DHK Products","isPartOf":{"@id":"https:\/\/www.dhkproducts.com\/de\/#website"},"datePublished":"2025-06-18T11:11:10+00:00","dateModified":"2025-10-09T08:55:19+00:00","breadcrumb":{"@id":"https:\/\/www.dhkproducts.com\/de\/sitemap\/#breadcrumb"},"inLanguage":"de-DE","potentialAction":[{"@type":"ReadAction","target":["https:\/\/www.dhkproducts.com\/de\/sitemap\/"]}]},{"@type":"BreadcrumbList","@id":"https:\/\/www.dhkproducts.com\/de\/sitemap\/#breadcrumb","itemListElement":[{"@type":"ListItem","position":1,"name":"Home","item":"https:\/\/www.dhkproducts.com\/de\/"},{"@type":"ListItem","position":2,"name":"Sitemap"}]},{"@type":"WebSite","@id":"https:\/\/www.dhkproducts.com\/de\/#website","url":"https:\/\/www.dhkproducts.com\/de\/","name":"DHK Products","description":"Alles rondom jouw vuur","publisher":{"@id":"https:\/\/www.dhkproducts.com\/de\/#organization"},"potentialAction":[{"@type":"SearchAction","target":{"@type":"EntryPoint","urlTemplate":"https:\/\/www.dhkproducts.com\/de\/?s={search_term_string}"},"query-input":{"@type":"PropertyValueSpecification","valueRequired":true,"valueName":"search_term_string"}}],"inLanguage":"de-DE"},{"@type":"Organization","@id":"https:\/\/www.dhkproducts.com\/de\/#organization","name":"DHK Products","url":"https:\/\/www.dhkproducts.com\/de\/","logo":{"@type":"ImageObject","inLanguage":"de-DE","@id":"https:\/\/www.dhkproducts.com\/de\/#\/schema\/logo\/image\/","url":"https:\/\/www.dhkproducts.com\/app\/uploads\/2025\/06\/dHk-logo-origineel.svg","contentUrl":"https:\/\/www.dhkproducts.com\/app\/uploads\/2025\/06\/dHk-logo-origineel.svg","width":277,"height":247,"caption":"DHK Products"},"image":{"@id":"https:\/\/www.dhkproducts.com\/de\/#\/schema\/logo\/image\/"}}]}},"_links":{"self":[{"href":"https:\/\/www.dhkproducts.com\/de\/wp-json\/wp\/v2\/pages\/3615","targetHints":{"allow":["GET"]}}],"collection":[{"href":"https:\/\/www.dhkproducts.com\/de\/wp-json\/wp\/v2\/pages"}],"about":[{"href":"https:\/\/www.dhkproducts.com\/de\/wp-json\/wp\/v2\/types\/page"}],"author":[{"embeddable":true,"href":"https:\/\/www.dhkproducts.com\/de\/wp-json\/wp\/v2\/users\/1"}],"replies":[{"embeddable":true,"href":"https:\/\/www.dhkproducts.com\/de\/wp-json\/wp\/v2\/comments?post=3615"}],"version-history":[{"count":1,"href":"https:\/\/www.dhkproducts.com\/de\/wp-json\/wp\/v2\/pages\/3615\/revisions"}],"predecessor-version":[{"id":3616,"href":"https:\/\/www.dhkproducts.com\/de\/wp-json\/wp\/v2\/pages\/3615\/revisions\/3616"}],"wp:attachment":[{"href":"https:\/\/www.dhkproducts.com\/de\/wp-json\/wp\/v2\/media?parent=3615"}],"wp:term":[{"taxonomy":"project","embeddable":true,"href":"https:\/\/www.dhkproducts.com\/de\/wp-json\/wp\/v2\/project?post=3615"}],"curies":[{"name":"wp","href":"https:\/\/api.w.org\/{rel}","templated":true}]}}