{"id":3953,"date":"2025-07-09T10:55:57","date_gmt":"2025-07-09T10:55:57","guid":{"rendered":"https:\/\/www.dhkproducts.com\/wo-zu-kaufen\/"},"modified":"2025-11-26T09:50:04","modified_gmt":"2025-11-26T09:50:04","slug":"wo-zu-kaufen","status":"publish","type":"page","link":"https:\/\/www.dhkproducts.com\/de\/wo-zu-kaufen\/","title":{"rendered":"Wo zu kaufen"},"content":{"rendered":"\t\t<div data-elementor-type=\"wp-page\" data-elementor-id=\"3953\" class=\"elementor elementor-3953 elementor-1020\" data-elementor-post-type=\"page\">\n\t\t\t\t<section class=\"has_ae_slider elementor-element elementor-element-35c97bf9 section-l e-flex e-con-boxed ae-bg-gallery-type-default e-con e-parent\" data-id=\"35c97bf9\" data-element_type=\"container\" data-e-type=\"container\">\n\t\t\t\t\t<div class=\"e-con-inner\">\n\t\t<div class=\"has_ae_slider elementor-element elementor-element-647d73e8 e-con-full e-flex ae-bg-gallery-type-default e-con e-child\" data-id=\"647d73e8\" data-element_type=\"container\" data-e-type=\"container\">\n\t\t\t\t<div class=\"elementor-element elementor-element-4bbeb3be elementor-widget elementor-widget-heading\" data-id=\"4bbeb3be\" data-element_type=\"widget\" data-e-type=\"widget\" data-widget_type=\"heading.default\">\n\t\t\t\t<div class=\"elementor-widget-container\">\n\t\t\t\t\t<p class=\"elementor-heading-title elementor-size-default\">DHK-Produkte kaufen<\/p>\t\t\t\t<\/div>\n\t\t\t\t<\/div>\n\t\t\t\t<div class=\"elementor-element elementor-element-5f398d78 elementor-widget__width-initial elementor-widget elementor-widget-heading\" data-id=\"5f398d78\" data-element_type=\"widget\" data-e-type=\"widget\" data-widget_type=\"heading.default\">\n\t\t\t\t<div class=\"elementor-widget-container\">\n\t\t\t\t\t<h1 class=\"elementor-heading-title elementor-size-default\">Verkaufsstellen f\u00fcr Endverbraucher<\/h1>\t\t\t\t<\/div>\n\t\t\t\t<\/div>\n\t\t\t\t<div class=\"elementor-element elementor-element-2b419fdf elementor-widget-mobile__width-inherit elementor-widget elementor-widget-text-editor\" data-id=\"2b419fdf\" data-element_type=\"widget\" data-e-type=\"widget\" data-widget_type=\"text-editor.default\">\n\t\t\t\t<div class=\"elementor-widget-container\">\n\t\t\t\t\t\t\t\t\t<p>Sind Sie Endverbraucher und auf der Suche nach DHK-Produkten? Sehen Sie sich die Liste der Verkaufsstellen unten an. Das Angebot kann je nach Ort variieren. Bitte erkundigen Sie sich im Voraus bei der jeweiligen Verkaufsstelle nach der Verf\u00fcgbarkeit.<\/p>\t\t\t\t\t\t\t\t<\/div>\n\t\t\t\t<\/div>\n\t\t\t\t<\/div>\n\t\t<div class=\"has_ae_slider elementor-element elementor-element-747737c e-con-full e-flex ae-bg-gallery-type-default e-con e-child\" data-id=\"747737c\" data-element_type=\"container\" data-e-type=\"container\" data-settings=\"{&quot;background_background&quot;:&quot;classic&quot;}\">\n\t\t\t\t<div class=\"elementor-element elementor-element-ed1f4f1 elementor-widget__width-initial elementor-widget elementor-widget-heading\" data-id=\"ed1f4f1\" data-element_type=\"widget\" data-e-type=\"widget\" data-widget_type=\"heading.default\">\n\t\t\t\t<div class=\"elementor-widget-container\">\n\t\t\t\t\t<p class=\"elementor-heading-title elementor-size-default\">Gesch\u00e4ftlich kaufen oder H\u00e4ndler werden?<\/p>\t\t\t\t<\/div>\n\t\t\t\t<\/div>\n\t\t\t\t<div class=\"elementor-element elementor-element-97ccc81 elementor-widget-tablet__width-inherit elementor-widget-mobile__width-inherit elementor-widget elementor-widget-text-editor\" data-id=\"97ccc81\" data-element_type=\"widget\" data-e-type=\"widget\" data-widget_type=\"text-editor.default\">\n\t\t\t\t<div class=\"elementor-widget-container\">\n\t\t\t\t\t\t\t\t\t<p>Arbeiten Sie als Profi im Bereich Kamin? Dann beantragen Sie ein Einkaufskonto und erhalten Sie Zugang zu unserem kompletten Sortiment. M\u00f6chten Sie erst einmal die M\u00f6glichkeiten ausloten? <span style=\"text-decoration: underline;\">Nehmen Sie Kontakt mit<\/span> uns auf, wir denken gerne mit Ihnen mit.<\/p>\t\t\t\t\t\t\t\t<\/div>\n\t\t\t\t<\/div>\n\t\t\t\t<div class=\"elementor-element elementor-element-cc6d0b6 elementor-widget elementor-widget-button\" data-id=\"cc6d0b6\" data-element_type=\"widget\" data-e-type=\"widget\" data-widget_type=\"button.default\">\n\t\t\t\t<div class=\"elementor-widget-container\">\n\t\t\t\t\t\t\t\t\t<div class=\"elementor-button-wrapper\">\n\t\t\t\t\t<a class=\"elementor-button elementor-button-link elementor-size-sm\" href=\"https:\/\/www.dhkproducts.com\/de\/anfrage-zum-kauf-eines-kontos\/\">\n\t\t\t\t\t\t<span class=\"elementor-button-content-wrapper\">\n\t\t\t\t\t\t\t\t\t<span class=\"elementor-button-text\">beantragen Sie ein Einkaufskonto<\/span>\n\t\t\t\t\t<\/span>\n\t\t\t\t\t<\/a>\n\t\t\t\t<\/div>\n\t\t\t\t\t\t\t\t<\/div>\n\t\t\t\t<\/div>\n\t\t\t\t<\/div>\n\t\t\t\t\t<\/div>\n\t\t\t\t<\/section>\n\t\t<section class=\"has_ae_slider elementor-element elementor-element-40b75f7b section-l e-flex e-con-boxed ae-bg-gallery-type-default e-con e-parent\" data-id=\"40b75f7b\" data-element_type=\"container\" data-e-type=\"container\" data-settings=\"{&quot;background_background&quot;:&quot;classic&quot;}\">\n\t\t\t\t\t<div class=\"e-con-inner\">\n\t\t<div class=\"has_ae_slider elementor-element elementor-element-5688774 e-con-full e-flex ae-bg-gallery-type-default e-con e-child\" data-id=\"5688774\" data-element_type=\"container\" data-e-type=\"container\">\n\t\t\t\t<div class=\"elementor-element elementor-element-4a647a1 elementor-widget__width-initial elementor-widget elementor-widget-heading\" data-id=\"4a647a1\" data-element_type=\"widget\" data-e-type=\"widget\" data-widget_type=\"heading.default\">\n\t\t\t\t<div class=\"elementor-widget-container\">\n\t\t\t\t\t<p class=\"elementor-heading-title elementor-size-default\">Verkaufsstellen in Ihrer N\u00e4he<\/p>\t\t\t\t<\/div>\n\t\t\t\t<\/div>\n\t\t\t\t<div class=\"elementor-element elementor-element-c67292b elementor-widget elementor-widget-text-editor\" data-id=\"c67292b\" data-element_type=\"widget\" data-e-type=\"widget\" data-widget_type=\"text-editor.default\">\n\t\t\t\t<div class=\"elementor-widget-container\">\n\t\t\t\t\t\t\t\t\t<p><em>Hinweis: Bitte erkundigen Sie sich in der Verkaufsstelle nach dem Lagerbestand des betreffenden Artikels.<\/em><\/p>\t\t\t\t\t\t\t\t<\/div>\n\t\t\t\t<\/div>\n\t\t\t\t<div class=\"elementor-element elementor-element-25240d3 elementor-widget__width-initial elementor-widget elementor-widget-shortcode\" data-id=\"25240d3\" data-element_type=\"widget\" data-e-type=\"widget\" data-widget_type=\"shortcode.default\">\n\t\t\t\t<div class=\"elementor-widget-container\">\n\t\t\t\t\t\t\t<div class=\"elementor-shortcode\"><style>\r\n\t#wpsl-stores .wpsl-store-thumb {height:45px !important; width:45px !important;}\r\n\t#wpsl-stores, #wpsl-direction-details, #wpsl-gmap {height:700px !important;}\r\n\t#wpsl-gmap .wpsl-info-window {max-width:225px !important;}\r\n\t.wpsl-input label, #wpsl-radius label, #wpsl-category label {width:95px;}\r\n\t#wpsl-search-input ,#wpsl-category .wpsl-dropdown {width:179px;}\r\n<\/style>\r\n<div id=\"wpsl-wrap\">\r\n\t<div class=\"wpsl-search wpsl-clearfix wpsl-filter\">\r\n\t\t<div id=\"wpsl-search-wrap\">\r\n\t\t\t<form autocomplete=\"off\">\r\n\t\t\t<div class=\"wpsl-input\">\r\n\t\t\t\t<div><label for=\"wpsl-search-input\">Ihr Standort<\/label><\/div>\r\n\t\t\t\t<input id=\"wpsl-search-input\" type=\"text\" value=\"\" name=\"wpsl-search-input\" placeholder=\"\" aria-required=\"true\" \/>\r\n\t\t\t<\/div>\r\n\t\t\t<div class=\"wpsl-select-wrap\">\r\n\t\t\t\t<div id=\"wpsl-radius\">\r\n\t\t\t\t\t<label for=\"wpsl-radius-dropdown\">Suchradius<\/label>\r\n\t\t\t\t\t<select id=\"wpsl-radius-dropdown\" class=\"wpsl-dropdown\" name=\"wpsl-radius\">\r\n\t\t\t\t\t\t<option value=\"10\">10 km<\/option><option value=\"25\">25 km<\/option><option selected=\"selected\" value=\"50\">50 km<\/option><option value=\"100\">100 km<\/option><option value=\"200\">200 km<\/option><option value=\"500\">500 km<\/option>\r\n\t\t\t\t\t<\/select>\r\n\t\t\t\t<\/div>\r\n\t\t\t\t<div id=\"wpsl-results\">\r\n\t\t\t\t\t<label for=\"wpsl-results-dropdown\">Ergebnisse<\/label>\r\n\t\t\t\t\t<select id=\"wpsl-results-dropdown\" class=\"wpsl-dropdown\" name=\"wpsl-results\">\r\n\t\t\t\t\t\t<option value=\"25\">25<\/option><option value=\"50\">50<\/option><option value=\"75\">75<\/option><option selected=\"selected\" value=\"100\">100<\/option>\r\n\t\t\t\t\t<\/select>\r\n\t\t\t\t<\/div>\r\n\t\t\t<\/div>\r\n<div id=\"wpsl-category\">\r\n<label for=\"wpsl-category-list\">Kategorie<\/label>\r\n<select  name='wpsl-category' id='wpsl-category-list' class='wpsl-dropdown'>\n\t<option value='0'>Jede<\/option>\n\t<option class=\"level-0\" value=\"20\">Solus dealer<\/option>\n\t<option class=\"level-0\" value=\"21\">Trimline Fires distributeur<\/option>\n\t<option class=\"level-0\" value=\"19\">Verkooppunten<\/option>\n<\/select>\n<\/div>\r\n\t\t\t\t<div class=\"wpsl-search-btn-wrap\"><input id=\"wpsl-search-btn\" type=\"submit\" value=\"Suchen\"><\/div>\r\n\t\t<\/form>\r\n\t\t<\/div>\r\n\t<\/div>\r\n\t<div id=\"wpsl-gmap\" class=\"wpsl-gmap-canvas\"><\/div>\r\n\t<div id=\"wpsl-result-list\">\r\n\t\t<div id=\"wpsl-stores\" >\r\n\t\t\t<ul><\/ul>\r\n\t\t<\/div>\r\n\t\t<div id=\"wpsl-direction-details\">\r\n\t\t\t<ul><\/ul>\r\n\t\t<\/div>\r\n\t<\/div>\r\n<\/div>\r\n<\/div>\n\t\t\t\t\t\t<\/div>\n\t\t\t\t<\/div>\n\t\t\t\t<\/div>\n\t\t\t\t\t<\/div>\n\t\t\t\t<\/section>\n\t\t\t\t<\/div>\n\t\t","protected":false},"excerpt":{"rendered":"<p>DHK-Produkte kaufen Verkaufsstellen f\u00fcr Endverbraucher Sind Sie Endverbraucher und auf der Suche nach DHK-Produkten? Sehen Sie sich die Liste der Verkaufsstellen unten an. Das Angebot kann je nach Ort variieren. Bitte erkundigen Sie sich im Voraus bei der jeweiligen Verkaufsstelle nach der Verf\u00fcgbarkeit. Gesch\u00e4ftlich kaufen oder H\u00e4ndler werden? Arbeiten Sie als Profi im Bereich Kamin? [&hellip;]<\/p>\n","protected":false},"author":2,"featured_media":0,"parent":0,"menu_order":0,"comment_status":"closed","ping_status":"closed","template":"","meta":{"_acf_changed":false,"footnotes":""},"project":[],"class_list":["post-3953","page","type-page","status-publish","hentry"],"acf":[],"yoast_head":"<!-- This site is optimized with the Yoast SEO plugin v27.0 - https:\/\/yoast.com\/product\/yoast-seo-wordpress\/ -->\n<title>Wo zu kaufen - DHK Products<\/title>\n<meta name=\"description\" content=\"DHK liefert ein komplettes Sortiment an Ersatzteilen und Zubeh\u00f6r f\u00fcr Kamine und \u00d6fen. Sehen Sie sich unsere H\u00e4ndlersuche an!\" \/>\n<meta name=\"robots\" content=\"index, follow, max-snippet:-1, max-image-preview:large, max-video-preview:-1\" \/>\n<link rel=\"canonical\" href=\"https:\/\/www.dhkproducts.com\/de\/wo-zu-kaufen\/\" \/>\n<meta property=\"og:locale\" content=\"de_DE\" \/>\n<meta property=\"og:type\" content=\"article\" \/>\n<meta property=\"og:title\" content=\"Wo zu kaufen - DHK Products\" \/>\n<meta property=\"og:description\" content=\"DHK liefert ein komplettes Sortiment an Ersatzteilen und Zubeh\u00f6r f\u00fcr Kamine und \u00d6fen. Sehen Sie sich unsere H\u00e4ndlersuche an!\" \/>\n<meta property=\"og:url\" content=\"https:\/\/www.dhkproducts.com\/de\/wo-zu-kaufen\/\" \/>\n<meta property=\"og:site_name\" content=\"DHK Products\" \/>\n<meta property=\"article:modified_time\" content=\"2025-11-26T09:50:04+00:00\" \/>\n<meta name=\"twitter:card\" content=\"summary_large_image\" \/>\n<meta name=\"twitter:label1\" content=\"Est. reading time\" \/>\n\t<meta name=\"twitter:data1\" content=\"1 minute\" \/>\n<script type=\"application\/ld+json\" class=\"yoast-schema-graph\">{\"@context\":\"https:\/\/schema.org\",\"@graph\":[{\"@type\":\"WebPage\",\"@id\":\"https:\/\/www.dhkproducts.com\/de\/wo-zu-kaufen\/\",\"url\":\"https:\/\/www.dhkproducts.com\/de\/wo-zu-kaufen\/\",\"name\":\"Wo zu kaufen - DHK Products\",\"isPartOf\":{\"@id\":\"https:\/\/www.dhkproducts.com\/de\/#website\"},\"datePublished\":\"2025-07-09T10:55:57+00:00\",\"dateModified\":\"2025-11-26T09:50:04+00:00\",\"description\":\"DHK liefert ein komplettes Sortiment an Ersatzteilen und Zubeh\u00f6r f\u00fcr Kamine und \u00d6fen. Sehen Sie sich unsere H\u00e4ndlersuche an!\",\"breadcrumb\":{\"@id\":\"https:\/\/www.dhkproducts.com\/de\/wo-zu-kaufen\/#breadcrumb\"},\"inLanguage\":\"de-DE\",\"potentialAction\":[{\"@type\":\"ReadAction\",\"target\":[\"https:\/\/www.dhkproducts.com\/de\/wo-zu-kaufen\/\"]}]},{\"@type\":\"BreadcrumbList\",\"@id\":\"https:\/\/www.dhkproducts.com\/de\/wo-zu-kaufen\/#breadcrumb\",\"itemListElement\":[{\"@type\":\"ListItem\",\"position\":1,\"name\":\"Home\",\"item\":\"https:\/\/www.dhkproducts.com\/de\/\"},{\"@type\":\"ListItem\",\"position\":2,\"name\":\"Wo zu kaufen\"}]},{\"@type\":\"WebSite\",\"@id\":\"https:\/\/www.dhkproducts.com\/de\/#website\",\"url\":\"https:\/\/www.dhkproducts.com\/de\/\",\"name\":\"DHK Products\",\"description\":\"Alles rondom jouw vuur\",\"publisher\":{\"@id\":\"https:\/\/www.dhkproducts.com\/de\/#organization\"},\"potentialAction\":[{\"@type\":\"SearchAction\",\"target\":{\"@type\":\"EntryPoint\",\"urlTemplate\":\"https:\/\/www.dhkproducts.com\/de\/?s={search_term_string}\"},\"query-input\":{\"@type\":\"PropertyValueSpecification\",\"valueRequired\":true,\"valueName\":\"search_term_string\"}}],\"inLanguage\":\"de-DE\"},{\"@type\":\"Organization\",\"@id\":\"https:\/\/www.dhkproducts.com\/de\/#organization\",\"name\":\"DHK Products\",\"url\":\"https:\/\/www.dhkproducts.com\/de\/\",\"logo\":{\"@type\":\"ImageObject\",\"inLanguage\":\"de-DE\",\"@id\":\"https:\/\/www.dhkproducts.com\/de\/#\/schema\/logo\/image\/\",\"url\":\"https:\/\/www.dhkproducts.com\/app\/uploads\/2025\/06\/dHk-logo-origineel.svg\",\"contentUrl\":\"https:\/\/www.dhkproducts.com\/app\/uploads\/2025\/06\/dHk-logo-origineel.svg\",\"width\":277,\"height\":247,\"caption\":\"DHK Products\"},\"image\":{\"@id\":\"https:\/\/www.dhkproducts.com\/de\/#\/schema\/logo\/image\/\"}}]}<\/script>\n<!-- \/ Yoast SEO plugin. -->","yoast_head_json":{"title":"Wo zu kaufen - DHK Products","description":"DHK liefert ein komplettes Sortiment an Ersatzteilen und Zubeh\u00f6r f\u00fcr Kamine und \u00d6fen. Sehen Sie sich unsere H\u00e4ndlersuche an!","robots":{"index":"index","follow":"follow","max-snippet":"max-snippet:-1","max-image-preview":"max-image-preview:large","max-video-preview":"max-video-preview:-1"},"canonical":"https:\/\/www.dhkproducts.com\/de\/wo-zu-kaufen\/","og_locale":"de_DE","og_type":"article","og_title":"Wo zu kaufen - DHK Products","og_description":"DHK liefert ein komplettes Sortiment an Ersatzteilen und Zubeh\u00f6r f\u00fcr Kamine und \u00d6fen. Sehen Sie sich unsere H\u00e4ndlersuche an!","og_url":"https:\/\/www.dhkproducts.com\/de\/wo-zu-kaufen\/","og_site_name":"DHK Products","article_modified_time":"2025-11-26T09:50:04+00:00","twitter_card":"summary_large_image","twitter_misc":{"Est. reading time":"1 minute"},"schema":{"@context":"https:\/\/schema.org","@graph":[{"@type":"WebPage","@id":"https:\/\/www.dhkproducts.com\/de\/wo-zu-kaufen\/","url":"https:\/\/www.dhkproducts.com\/de\/wo-zu-kaufen\/","name":"Wo zu kaufen - DHK Products","isPartOf":{"@id":"https:\/\/www.dhkproducts.com\/de\/#website"},"datePublished":"2025-07-09T10:55:57+00:00","dateModified":"2025-11-26T09:50:04+00:00","description":"DHK liefert ein komplettes Sortiment an Ersatzteilen und Zubeh\u00f6r f\u00fcr Kamine und \u00d6fen. Sehen Sie sich unsere H\u00e4ndlersuche an!","breadcrumb":{"@id":"https:\/\/www.dhkproducts.com\/de\/wo-zu-kaufen\/#breadcrumb"},"inLanguage":"de-DE","potentialAction":[{"@type":"ReadAction","target":["https:\/\/www.dhkproducts.com\/de\/wo-zu-kaufen\/"]}]},{"@type":"BreadcrumbList","@id":"https:\/\/www.dhkproducts.com\/de\/wo-zu-kaufen\/#breadcrumb","itemListElement":[{"@type":"ListItem","position":1,"name":"Home","item":"https:\/\/www.dhkproducts.com\/de\/"},{"@type":"ListItem","position":2,"name":"Wo zu kaufen"}]},{"@type":"WebSite","@id":"https:\/\/www.dhkproducts.com\/de\/#website","url":"https:\/\/www.dhkproducts.com\/de\/","name":"DHK Products","description":"Alles rondom jouw vuur","publisher":{"@id":"https:\/\/www.dhkproducts.com\/de\/#organization"},"potentialAction":[{"@type":"SearchAction","target":{"@type":"EntryPoint","urlTemplate":"https:\/\/www.dhkproducts.com\/de\/?s={search_term_string}"},"query-input":{"@type":"PropertyValueSpecification","valueRequired":true,"valueName":"search_term_string"}}],"inLanguage":"de-DE"},{"@type":"Organization","@id":"https:\/\/www.dhkproducts.com\/de\/#organization","name":"DHK Products","url":"https:\/\/www.dhkproducts.com\/de\/","logo":{"@type":"ImageObject","inLanguage":"de-DE","@id":"https:\/\/www.dhkproducts.com\/de\/#\/schema\/logo\/image\/","url":"https:\/\/www.dhkproducts.com\/app\/uploads\/2025\/06\/dHk-logo-origineel.svg","contentUrl":"https:\/\/www.dhkproducts.com\/app\/uploads\/2025\/06\/dHk-logo-origineel.svg","width":277,"height":247,"caption":"DHK Products"},"image":{"@id":"https:\/\/www.dhkproducts.com\/de\/#\/schema\/logo\/image\/"}}]}},"_links":{"self":[{"href":"https:\/\/www.dhkproducts.com\/de\/wp-json\/wp\/v2\/pages\/3953","targetHints":{"allow":["GET"]}}],"collection":[{"href":"https:\/\/www.dhkproducts.com\/de\/wp-json\/wp\/v2\/pages"}],"about":[{"href":"https:\/\/www.dhkproducts.com\/de\/wp-json\/wp\/v2\/types\/page"}],"author":[{"embeddable":true,"href":"https:\/\/www.dhkproducts.com\/de\/wp-json\/wp\/v2\/users\/2"}],"replies":[{"embeddable":true,"href":"https:\/\/www.dhkproducts.com\/de\/wp-json\/wp\/v2\/comments?post=3953"}],"version-history":[{"count":5,"href":"https:\/\/www.dhkproducts.com\/de\/wp-json\/wp\/v2\/pages\/3953\/revisions"}],"predecessor-version":[{"id":4644,"href":"https:\/\/www.dhkproducts.com\/de\/wp-json\/wp\/v2\/pages\/3953\/revisions\/4644"}],"wp:attachment":[{"href":"https:\/\/www.dhkproducts.com\/de\/wp-json\/wp\/v2\/media?parent=3953"}],"wp:term":[{"taxonomy":"project","embeddable":true,"href":"https:\/\/www.dhkproducts.com\/de\/wp-json\/wp\/v2\/project?post=3953"}],"curies":[{"name":"wp","href":"https:\/\/api.w.org\/{rel}","templated":true}]}}