{"id":5392,"date":"2025-09-19T09:57:07","date_gmt":"2025-09-19T09:57:07","guid":{"rendered":"https:\/\/www.dhkproducts.com\/?page_id=5392"},"modified":"2026-02-23T09:45:06","modified_gmt":"2026-02-23T09:45:06","slug":"danke-fuer-anfrage","status":"publish","type":"page","link":"https:\/\/www.dhkproducts.com\/de\/danke-fuer-anfrage\/","title":{"rendered":"Danke f\u00fcr Ihre anfrage"},"content":{"rendered":"\t\t<div data-elementor-type=\"wp-page\" data-elementor-id=\"5392\" class=\"elementor elementor-5392 elementor-2939\" data-elementor-post-type=\"page\">\n\t\t\t\t<section class=\"has_ae_slider elementor-element elementor-element-35c97bf9 section-l e-flex e-con-boxed ae-bg-gallery-type-default e-con e-parent\" data-id=\"35c97bf9\" data-element_type=\"container\" data-e-type=\"container\">\n\t\t\t\t\t<div class=\"e-con-inner\">\n\t\t<div class=\"has_ae_slider elementor-element elementor-element-647d73e8 e-con-full e-flex ae-bg-gallery-type-default e-con e-child\" data-id=\"647d73e8\" data-element_type=\"container\" data-e-type=\"container\">\n\t\t\t\t<div class=\"elementor-element elementor-element-4bbeb3be elementor-widget elementor-widget-heading\" data-id=\"4bbeb3be\" data-element_type=\"widget\" data-e-type=\"widget\" data-widget_type=\"heading.default\">\n\t\t\t\t<div class=\"elementor-widget-container\">\n\t\t\t\t\t<p class=\"elementor-heading-title elementor-size-default\">Erfolgreich gesendet<\/p>\t\t\t\t<\/div>\n\t\t\t\t<\/div>\n\t\t\t\t<div class=\"elementor-element elementor-element-5f398d78 elementor-widget__width-initial elementor-widget elementor-widget-heading\" data-id=\"5f398d78\" data-element_type=\"widget\" data-e-type=\"widget\" data-widget_type=\"heading.default\">\n\t\t\t\t<div class=\"elementor-widget-container\">\n\t\t\t\t\t<h1 class=\"elementor-heading-title elementor-size-default\">Vielen Dank f\u00fcr Ihre Anfrage<\/h1>\t\t\t\t<\/div>\n\t\t\t\t<\/div>\n\t\t\t\t<div class=\"elementor-element elementor-element-2b419fdf elementor-widget-mobile__width-inherit elementor-widget elementor-widget-text-editor\" data-id=\"2b419fdf\" data-element_type=\"widget\" data-e-type=\"widget\" data-widget_type=\"text-editor.default\">\n\t\t\t\t<div class=\"elementor-widget-container\">\n\t\t\t\t\t\t\t\t\t<p>Wir haben Ihre Anfrage f\u00fcr ein Einkaufskonto erhalten und werden uns so schnell wie m\u00f6glich mit Ihnen in Verbindung setzen.<\/p><p>Eine Kopie Ihrer Anfrage erhalten Sie auch per E-Mail. Bitte \u00fcberpr\u00fcfen Sie auch Ihren Spam-Ordner, wenn Sie die E-Mail nicht innerhalb von 15 Minuten erhalten haben.<\/p><p>Haben Sie noch Fragen? Kontaktieren Sie uns gerne.<\/p>\t\t\t\t\t\t\t\t<\/div>\n\t\t\t\t<\/div>\n\t\t<div class=\"has_ae_slider elementor-element elementor-element-c0bca92 e-con-full e-flex ae-bg-gallery-type-default e-con e-child\" data-id=\"c0bca92\" data-element_type=\"container\" data-e-type=\"container\">\n\t\t<div class=\"has_ae_slider elementor-element elementor-element-7dd510f e-con-full e-flex ae-bg-gallery-type-default e-con e-child\" data-id=\"7dd510f\" data-element_type=\"container\" data-e-type=\"container\">\n\t\t\t\t<div class=\"elementor-element elementor-element-6d3f4a9 elementor-widget elementor-widget-heading\" data-id=\"6d3f4a9\" data-element_type=\"widget\" data-e-type=\"widget\" data-widget_type=\"heading.default\">\n\t\t\t\t<div class=\"elementor-widget-container\">\n\t\t\t\t\t<p class=\"elementor-heading-title elementor-size-default\">Kontaktdaten<\/p>\t\t\t\t<\/div>\n\t\t\t\t<\/div>\n\t\t\t\t<div class=\"elementor-element elementor-element-b073680 elementor-widget elementor-widget-text-editor\" data-id=\"b073680\" data-element_type=\"widget\" data-e-type=\"widget\" data-widget_type=\"text-editor.default\">\n\t\t\t\t<div class=\"elementor-widget-container\">\n\t\t\t\t\t\t\t\t\t<p>Laagerfseweg 29<br \/>3931 PC Woudenberg<\/p><p><a href=\"https:\/\/www.google.com\/maps\/place\/Lewo+B.V.\/@52.0771031,5.4444675,1947m\/data=!3m2!1e3!4b1!4m6!3m5!1s0x47c64558397d0915:0xdde3ab24022186cb!8m2!3d52.0771032!4d5.4493384!16s%2Fg%2F1wz51xyn?entry=ttu&amp;g_ep=EgoyMDI1MDYzMC4wIKXMDSoASAFQAw%3D%3D\" target=\"_blank\" rel=\"noopener\">Route anzeigen<\/a><\/p>\t\t\t\t\t\t\t\t<\/div>\n\t\t\t\t<\/div>\n\t\t\t\t<div class=\"elementor-element elementor-element-bdd2b94 elementor-widget elementor-widget-text-editor\" data-id=\"bdd2b94\" data-element_type=\"widget\" data-e-type=\"widget\" data-widget_type=\"text-editor.default\">\n\t\t\t\t<div class=\"elementor-widget-container\">\n\t\t\t\t\t\t\t\t\t<p>T: <a href=\"tel:+31332861075\">033 286 1075<\/a><br \/>E: <a href=\"sales@ihs-group.com\">sales@ihs-group.com<\/a><\/p>\t\t\t\t\t\t\t\t<\/div>\n\t\t\t\t<\/div>\n\t\t\t\t<\/div>\n\t\t<div class=\"has_ae_slider elementor-element elementor-element-d43f2c5 e-con-full e-flex ae-bg-gallery-type-default e-con e-child\" data-id=\"d43f2c5\" data-element_type=\"container\" data-e-type=\"container\">\n\t\t\t\t<\/div>\n\t\t\t\t<\/div>\n\t\t\t\t<\/div>\n\t\t\t\t\t<\/div>\n\t\t\t\t<\/section>\n\t\t\t\t<\/div>\n\t\t","protected":false},"excerpt":{"rendered":"<p>Erfolgreich gesendet Vielen Dank f\u00fcr Ihre Anfrage Wir haben Ihre Anfrage f\u00fcr ein Einkaufskonto erhalten und werden uns so schnell wie m\u00f6glich mit Ihnen in Verbindung setzen. Eine Kopie Ihrer Anfrage erhalten Sie auch per E-Mail. Bitte \u00fcberpr\u00fcfen Sie auch Ihren Spam-Ordner, wenn Sie die E-Mail nicht innerhalb von 15 Minuten erhalten haben. Haben Sie [&hellip;]<\/p>\n","protected":false},"author":7,"featured_media":0,"parent":0,"menu_order":0,"comment_status":"closed","ping_status":"closed","template":"","meta":{"_acf_changed":false,"footnotes":""},"project":[],"class_list":["post-5392","page","type-page","status-publish","hentry"],"acf":[],"yoast_head":"<!-- This site is optimized with the Yoast SEO plugin v27.0 - https:\/\/yoast.com\/product\/yoast-seo-wordpress\/ -->\n<title>Danke f\u00fcr Ihre anfrage - DHK Products<\/title>\n<meta name=\"robots\" content=\"index, follow, max-snippet:-1, max-image-preview:large, max-video-preview:-1\" \/>\n<link rel=\"canonical\" href=\"https:\/\/www.dhkproducts.com\/de\/danke-fuer-anfrage\/\" \/>\n<meta property=\"og:locale\" content=\"de_DE\" \/>\n<meta property=\"og:type\" content=\"article\" \/>\n<meta property=\"og:title\" content=\"Danke f\u00fcr Ihre anfrage - DHK Products\" \/>\n<meta property=\"og:description\" content=\"Erfolgreich gesendet Vielen Dank f\u00fcr Ihre Anfrage Wir haben Ihre Anfrage f\u00fcr ein Einkaufskonto erhalten und werden uns so schnell wie m\u00f6glich mit Ihnen in Verbindung setzen. Eine Kopie Ihrer Anfrage erhalten Sie auch per E-Mail. Bitte \u00fcberpr\u00fcfen Sie auch Ihren Spam-Ordner, wenn Sie die E-Mail nicht innerhalb von 15 Minuten erhalten haben. Haben Sie [&hellip;]\" \/>\n<meta property=\"og:url\" content=\"https:\/\/www.dhkproducts.com\/de\/danke-fuer-anfrage\/\" \/>\n<meta property=\"og:site_name\" content=\"DHK Products\" \/>\n<meta property=\"article:modified_time\" content=\"2026-02-23T09:45:06+00:00\" \/>\n<meta name=\"twitter:card\" content=\"summary_large_image\" \/>\n<meta name=\"twitter:label1\" content=\"Est. reading time\" \/>\n\t<meta name=\"twitter:data1\" content=\"1 minute\" \/>\n<script type=\"application\/ld+json\" class=\"yoast-schema-graph\">{\"@context\":\"https:\/\/schema.org\",\"@graph\":[{\"@type\":\"WebPage\",\"@id\":\"https:\/\/www.dhkproducts.com\/de\/danke-fuer-anfrage\/\",\"url\":\"https:\/\/www.dhkproducts.com\/de\/danke-fuer-anfrage\/\",\"name\":\"Danke f\u00fcr Ihre anfrage - DHK Products\",\"isPartOf\":{\"@id\":\"https:\/\/www.dhkproducts.com\/de\/#website\"},\"datePublished\":\"2025-09-19T09:57:07+00:00\",\"dateModified\":\"2026-02-23T09:45:06+00:00\",\"breadcrumb\":{\"@id\":\"https:\/\/www.dhkproducts.com\/de\/danke-fuer-anfrage\/#breadcrumb\"},\"inLanguage\":\"de-DE\",\"potentialAction\":[{\"@type\":\"ReadAction\",\"target\":[\"https:\/\/www.dhkproducts.com\/de\/danke-fuer-anfrage\/\"]}]},{\"@type\":\"BreadcrumbList\",\"@id\":\"https:\/\/www.dhkproducts.com\/de\/danke-fuer-anfrage\/#breadcrumb\",\"itemListElement\":[{\"@type\":\"ListItem\",\"position\":1,\"name\":\"Home\",\"item\":\"https:\/\/www.dhkproducts.com\/de\/\"},{\"@type\":\"ListItem\",\"position\":2,\"name\":\"Danke f\u00fcr Ihre anfrage\"}]},{\"@type\":\"WebSite\",\"@id\":\"https:\/\/www.dhkproducts.com\/de\/#website\",\"url\":\"https:\/\/www.dhkproducts.com\/de\/\",\"name\":\"DHK Products\",\"description\":\"Alles rondom jouw vuur\",\"publisher\":{\"@id\":\"https:\/\/www.dhkproducts.com\/de\/#organization\"},\"potentialAction\":[{\"@type\":\"SearchAction\",\"target\":{\"@type\":\"EntryPoint\",\"urlTemplate\":\"https:\/\/www.dhkproducts.com\/de\/?s={search_term_string}\"},\"query-input\":{\"@type\":\"PropertyValueSpecification\",\"valueRequired\":true,\"valueName\":\"search_term_string\"}}],\"inLanguage\":\"de-DE\"},{\"@type\":\"Organization\",\"@id\":\"https:\/\/www.dhkproducts.com\/de\/#organization\",\"name\":\"DHK Products\",\"url\":\"https:\/\/www.dhkproducts.com\/de\/\",\"logo\":{\"@type\":\"ImageObject\",\"inLanguage\":\"de-DE\",\"@id\":\"https:\/\/www.dhkproducts.com\/de\/#\/schema\/logo\/image\/\",\"url\":\"https:\/\/www.dhkproducts.com\/app\/uploads\/2025\/06\/dHk-logo-origineel.svg\",\"contentUrl\":\"https:\/\/www.dhkproducts.com\/app\/uploads\/2025\/06\/dHk-logo-origineel.svg\",\"width\":277,\"height\":247,\"caption\":\"DHK Products\"},\"image\":{\"@id\":\"https:\/\/www.dhkproducts.com\/de\/#\/schema\/logo\/image\/\"}}]}<\/script>\n<!-- \/ Yoast SEO plugin. -->","yoast_head_json":{"title":"Danke f\u00fcr Ihre anfrage - DHK Products","robots":{"index":"index","follow":"follow","max-snippet":"max-snippet:-1","max-image-preview":"max-image-preview:large","max-video-preview":"max-video-preview:-1"},"canonical":"https:\/\/www.dhkproducts.com\/de\/danke-fuer-anfrage\/","og_locale":"de_DE","og_type":"article","og_title":"Danke f\u00fcr Ihre anfrage - DHK Products","og_description":"Erfolgreich gesendet Vielen Dank f\u00fcr Ihre Anfrage Wir haben Ihre Anfrage f\u00fcr ein Einkaufskonto erhalten und werden uns so schnell wie m\u00f6glich mit Ihnen in Verbindung setzen. Eine Kopie Ihrer Anfrage erhalten Sie auch per E-Mail. Bitte \u00fcberpr\u00fcfen Sie auch Ihren Spam-Ordner, wenn Sie die E-Mail nicht innerhalb von 15 Minuten erhalten haben. Haben Sie [&hellip;]","og_url":"https:\/\/www.dhkproducts.com\/de\/danke-fuer-anfrage\/","og_site_name":"DHK Products","article_modified_time":"2026-02-23T09:45:06+00:00","twitter_card":"summary_large_image","twitter_misc":{"Est. reading time":"1 minute"},"schema":{"@context":"https:\/\/schema.org","@graph":[{"@type":"WebPage","@id":"https:\/\/www.dhkproducts.com\/de\/danke-fuer-anfrage\/","url":"https:\/\/www.dhkproducts.com\/de\/danke-fuer-anfrage\/","name":"Danke f\u00fcr Ihre anfrage - DHK Products","isPartOf":{"@id":"https:\/\/www.dhkproducts.com\/de\/#website"},"datePublished":"2025-09-19T09:57:07+00:00","dateModified":"2026-02-23T09:45:06+00:00","breadcrumb":{"@id":"https:\/\/www.dhkproducts.com\/de\/danke-fuer-anfrage\/#breadcrumb"},"inLanguage":"de-DE","potentialAction":[{"@type":"ReadAction","target":["https:\/\/www.dhkproducts.com\/de\/danke-fuer-anfrage\/"]}]},{"@type":"BreadcrumbList","@id":"https:\/\/www.dhkproducts.com\/de\/danke-fuer-anfrage\/#breadcrumb","itemListElement":[{"@type":"ListItem","position":1,"name":"Home","item":"https:\/\/www.dhkproducts.com\/de\/"},{"@type":"ListItem","position":2,"name":"Danke f\u00fcr Ihre anfrage"}]},{"@type":"WebSite","@id":"https:\/\/www.dhkproducts.com\/de\/#website","url":"https:\/\/www.dhkproducts.com\/de\/","name":"DHK Products","description":"Alles rondom jouw vuur","publisher":{"@id":"https:\/\/www.dhkproducts.com\/de\/#organization"},"potentialAction":[{"@type":"SearchAction","target":{"@type":"EntryPoint","urlTemplate":"https:\/\/www.dhkproducts.com\/de\/?s={search_term_string}"},"query-input":{"@type":"PropertyValueSpecification","valueRequired":true,"valueName":"search_term_string"}}],"inLanguage":"de-DE"},{"@type":"Organization","@id":"https:\/\/www.dhkproducts.com\/de\/#organization","name":"DHK Products","url":"https:\/\/www.dhkproducts.com\/de\/","logo":{"@type":"ImageObject","inLanguage":"de-DE","@id":"https:\/\/www.dhkproducts.com\/de\/#\/schema\/logo\/image\/","url":"https:\/\/www.dhkproducts.com\/app\/uploads\/2025\/06\/dHk-logo-origineel.svg","contentUrl":"https:\/\/www.dhkproducts.com\/app\/uploads\/2025\/06\/dHk-logo-origineel.svg","width":277,"height":247,"caption":"DHK Products"},"image":{"@id":"https:\/\/www.dhkproducts.com\/de\/#\/schema\/logo\/image\/"}}]}},"_links":{"self":[{"href":"https:\/\/www.dhkproducts.com\/de\/wp-json\/wp\/v2\/pages\/5392","targetHints":{"allow":["GET"]}}],"collection":[{"href":"https:\/\/www.dhkproducts.com\/de\/wp-json\/wp\/v2\/pages"}],"about":[{"href":"https:\/\/www.dhkproducts.com\/de\/wp-json\/wp\/v2\/types\/page"}],"author":[{"embeddable":true,"href":"https:\/\/www.dhkproducts.com\/de\/wp-json\/wp\/v2\/users\/7"}],"replies":[{"embeddable":true,"href":"https:\/\/www.dhkproducts.com\/de\/wp-json\/wp\/v2\/comments?post=5392"}],"version-history":[{"count":5,"href":"https:\/\/www.dhkproducts.com\/de\/wp-json\/wp\/v2\/pages\/5392\/revisions"}],"predecessor-version":[{"id":5400,"href":"https:\/\/www.dhkproducts.com\/de\/wp-json\/wp\/v2\/pages\/5392\/revisions\/5400"}],"wp:attachment":[{"href":"https:\/\/www.dhkproducts.com\/de\/wp-json\/wp\/v2\/media?parent=5392"}],"wp:term":[{"taxonomy":"project","embeddable":true,"href":"https:\/\/www.dhkproducts.com\/de\/wp-json\/wp\/v2\/project?post=5392"}],"curies":[{"name":"wp","href":"https:\/\/api.w.org\/{rel}","templated":true}]}}