{"id":3960,"date":"2025-07-09T10:55:57","date_gmt":"2025-07-09T10:55:57","guid":{"rendered":"https:\/\/www.dhkproducts.com\/dove-acquistare\/"},"modified":"2025-10-08T09:57:16","modified_gmt":"2025-10-08T09:57:16","slug":"dove-acquistare","status":"publish","type":"page","link":"https:\/\/www.dhkproducts.com\/it\/dove-acquistare\/","title":{"rendered":"Dove acquistare"},"content":{"rendered":"\t\t<div data-elementor-type=\"wp-page\" data-elementor-id=\"3960\" class=\"elementor elementor-3960 elementor-1020\" data-elementor-post-type=\"page\">\n\t\t\t\t<section class=\"has_ae_slider elementor-element elementor-element-35c97bf9 section-l e-flex e-con-boxed ae-bg-gallery-type-default e-con e-parent\" data-id=\"35c97bf9\" data-element_type=\"container\" data-e-type=\"container\">\n\t\t\t\t\t<div class=\"e-con-inner\">\n\t\t<div class=\"has_ae_slider elementor-element elementor-element-647d73e8 e-con-full e-flex ae-bg-gallery-type-default e-con e-child\" data-id=\"647d73e8\" data-element_type=\"container\" data-e-type=\"container\">\n\t\t\t\t<div class=\"elementor-element elementor-element-4bbeb3be elementor-widget elementor-widget-heading\" data-id=\"4bbeb3be\" data-element_type=\"widget\" data-e-type=\"widget\" data-widget_type=\"heading.default\">\n\t\t\t\t<div class=\"elementor-widget-container\">\n\t\t\t\t\t<p class=\"elementor-heading-title elementor-size-default\">Acquista i prodotti DHK<\/p>\t\t\t\t<\/div>\n\t\t\t\t<\/div>\n\t\t\t\t<div class=\"elementor-element elementor-element-5f398d78 elementor-widget__width-initial elementor-widget elementor-widget-heading\" data-id=\"5f398d78\" data-element_type=\"widget\" data-e-type=\"widget\" data-widget_type=\"heading.default\">\n\t\t\t\t<div class=\"elementor-widget-container\">\n\t\t\t\t\t<h1 class=\"elementor-heading-title elementor-size-default\">Punti vendita per i consumatori<\/h1>\t\t\t\t<\/div>\n\t\t\t\t<\/div>\n\t\t\t\t<div class=\"elementor-element elementor-element-2b419fdf elementor-widget-mobile__width-inherit elementor-widget elementor-widget-text-editor\" data-id=\"2b419fdf\" data-element_type=\"widget\" data-e-type=\"widget\" data-widget_type=\"text-editor.default\">\n\t\t\t\t<div class=\"elementor-widget-container\">\n\t\t\t\t\t\t\t\t\t<p>Sei un consumatore alla ricerca di prodotti DHK? Consulta l\u2019elenco dei rivenditori qui sotto. L\u2019assortimento pu\u00f2 variare a seconda della zona, perci\u00f2 ti consigliamo di verificare in anticipo la disponibilit\u00e0 presso il punto vendita.  <\/p>\t\t\t\t\t\t\t\t<\/div>\n\t\t\t\t<\/div>\n\t\t\t\t<\/div>\n\t\t<div class=\"has_ae_slider elementor-element elementor-element-747737c e-con-full e-flex ae-bg-gallery-type-default e-con e-child\" data-id=\"747737c\" data-element_type=\"container\" data-e-type=\"container\" data-settings=\"{&quot;background_background&quot;:&quot;classic&quot;}\">\n\t\t\t\t<div class=\"elementor-element elementor-element-ed1f4f1 elementor-widget elementor-widget-heading\" data-id=\"ed1f4f1\" data-element_type=\"widget\" data-e-type=\"widget\" data-widget_type=\"heading.default\">\n\t\t\t\t<div class=\"elementor-widget-container\">\n\t\t\t\t\t<p class=\"elementor-heading-title elementor-size-default\">Acquistare un'attivit\u00e0 o diventare un rivenditore?<\/p>\t\t\t\t<\/div>\n\t\t\t\t<\/div>\n\t\t\t\t<div class=\"elementor-element elementor-element-97ccc81 elementor-widget-tablet__width-inherit elementor-widget-mobile__width-inherit elementor-widget elementor-widget-text-editor\" data-id=\"97ccc81\" data-element_type=\"widget\" data-e-type=\"widget\" data-widget_type=\"text-editor.default\">\n\t\t\t\t<div class=\"elementor-widget-container\">\n\t\t\t\t\t\t\t\t\t<p>Sei un professionista del settore dei caminetti? Richiedi un account di acquisto e accedi all\u2019intera gamma DHK. Vuoi saperne di pi\u00f9 sulle possibilit\u00e0? Contattaci, saremo felici di collaborare con te per trovare la soluzione pi\u00f9 adatta.<br>   <\/p>\t\t\t\t\t\t\t\t<\/div>\n\t\t\t\t<\/div>\n\t\t\t\t<div class=\"elementor-element elementor-element-cc6d0b6 elementor-widget elementor-widget-button\" data-id=\"cc6d0b6\" data-element_type=\"widget\" data-e-type=\"widget\" data-widget_type=\"button.default\">\n\t\t\t\t<div class=\"elementor-widget-container\">\n\t\t\t\t\t\t\t\t\t<div class=\"elementor-button-wrapper\">\n\t\t\t\t\t<a class=\"elementor-button elementor-button-link elementor-size-sm\" href=\"https:\/\/www.dhkproducts.com\/it\/richiesta-di-un-conto-di-acquisto\/\">\n\t\t\t\t\t\t<span class=\"elementor-button-content-wrapper\">\n\t\t\t\t\t\t\t\t\t<span class=\"elementor-button-text\">Richiesta di un conto di acquisto<\/span>\n\t\t\t\t\t<\/span>\n\t\t\t\t\t<\/a>\n\t\t\t\t<\/div>\n\t\t\t\t\t\t\t\t<\/div>\n\t\t\t\t<\/div>\n\t\t\t\t<\/div>\n\t\t\t\t\t<\/div>\n\t\t\t\t<\/section>\n\t\t<section class=\"has_ae_slider elementor-element elementor-element-40b75f7b section-l e-flex e-con-boxed ae-bg-gallery-type-default e-con e-parent\" data-id=\"40b75f7b\" data-element_type=\"container\" data-e-type=\"container\" data-settings=\"{&quot;background_background&quot;:&quot;classic&quot;}\">\n\t\t\t\t\t<div class=\"e-con-inner\">\n\t\t<div class=\"has_ae_slider elementor-element elementor-element-5688774 e-con-full e-flex ae-bg-gallery-type-default e-con e-child\" data-id=\"5688774\" data-element_type=\"container\" data-e-type=\"container\">\n\t\t\t\t<div class=\"elementor-element elementor-element-4a647a1 elementor-widget__width-initial elementor-widget elementor-widget-heading\" data-id=\"4a647a1\" data-element_type=\"widget\" data-e-type=\"widget\" data-widget_type=\"heading.default\">\n\t\t\t\t<div class=\"elementor-widget-container\">\n\t\t\t\t\t<p class=\"elementor-heading-title elementor-size-default\">I punti vendita pi\u00f9 vicini a te<\/p>\t\t\t\t<\/div>\n\t\t\t\t<\/div>\n\t\t\t\t<div class=\"elementor-element elementor-element-c67292b elementor-widget elementor-widget-text-editor\" data-id=\"c67292b\" data-element_type=\"widget\" data-e-type=\"widget\" data-widget_type=\"text-editor.default\">\n\t\t\t\t<div class=\"elementor-widget-container\">\n\t\t\t\t\t\t\t\t\t<p><em>Nota: ti preghiamo di informarti presso il punto vendita sullo stato delle scorte dell&#8217;articolo in questione.<\/em><\/p>\t\t\t\t\t\t\t\t<\/div>\n\t\t\t\t<\/div>\n\t\t\t\t<div class=\"elementor-element elementor-element-25240d3 elementor-widget__width-initial elementor-widget elementor-widget-shortcode\" data-id=\"25240d3\" data-element_type=\"widget\" data-e-type=\"widget\" data-widget_type=\"shortcode.default\">\n\t\t\t\t<div class=\"elementor-widget-container\">\n\t\t\t\t\t\t\t<div class=\"elementor-shortcode\"><style>\r\n\t#wpsl-stores .wpsl-store-thumb {height:45px !important; width:45px !important;}\r\n\t#wpsl-stores, #wpsl-direction-details, #wpsl-gmap {height:700px !important;}\r\n\t#wpsl-gmap .wpsl-info-window {max-width:225px !important;}\r\n\t.wpsl-input label, #wpsl-radius label, #wpsl-category label {width:95px;}\r\n\t#wpsl-search-input ,#wpsl-category .wpsl-dropdown {width:179px;}\r\n<\/style>\r\n<div id=\"wpsl-wrap\">\r\n\t<div class=\"wpsl-search wpsl-clearfix wpsl-filter\">\r\n\t\t<div id=\"wpsl-search-wrap\">\r\n\t\t\t<form autocomplete=\"off\">\r\n\t\t\t<div class=\"wpsl-input\">\r\n\t\t\t\t<div><label for=\"wpsl-search-input\">La tua posizione<\/label><\/div>\r\n\t\t\t\t<input id=\"wpsl-search-input\" type=\"text\" value=\"\" name=\"wpsl-search-input\" placeholder=\"\" aria-required=\"true\" \/>\r\n\t\t\t<\/div>\r\n\t\t\t<div class=\"wpsl-select-wrap\">\r\n\t\t\t\t<div id=\"wpsl-radius\">\r\n\t\t\t\t\t<label for=\"wpsl-radius-dropdown\">Raggio di ricerca<\/label>\r\n\t\t\t\t\t<select id=\"wpsl-radius-dropdown\" class=\"wpsl-dropdown\" name=\"wpsl-radius\">\r\n\t\t\t\t\t\t<option value=\"10\">10 km<\/option><option value=\"25\">25 km<\/option><option selected=\"selected\" value=\"50\">50 km<\/option><option value=\"100\">100 km<\/option><option value=\"200\">200 km<\/option><option value=\"500\">500 km<\/option>\r\n\t\t\t\t\t<\/select>\r\n\t\t\t\t<\/div>\r\n\t\t\t\t<div id=\"wpsl-results\">\r\n\t\t\t\t\t<label for=\"wpsl-results-dropdown\">Risultati<\/label>\r\n\t\t\t\t\t<select id=\"wpsl-results-dropdown\" class=\"wpsl-dropdown\" name=\"wpsl-results\">\r\n\t\t\t\t\t\t<option value=\"25\">25<\/option><option value=\"50\">50<\/option><option value=\"75\">75<\/option><option selected=\"selected\" value=\"100\">100<\/option>\r\n\t\t\t\t\t<\/select>\r\n\t\t\t\t<\/div>\r\n\t\t\t<\/div>\r\n<div id=\"wpsl-category\">\r\n<label for=\"wpsl-category-list\">Categoria<\/label>\r\n<select  name='wpsl-category' id='wpsl-category-list' class='wpsl-dropdown'>\n\t<option value='0'>Qualsiasi<\/option>\n\t<option class=\"level-0\" value=\"20\">Solus dealer<\/option>\n\t<option class=\"level-0\" value=\"21\">Trimline Fires distributeur<\/option>\n\t<option class=\"level-0\" value=\"19\">Verkooppunten<\/option>\n<\/select>\n<\/div>\r\n\t\t\t\t<div class=\"wpsl-search-btn-wrap\"><input id=\"wpsl-search-btn\" type=\"submit\" value=\"Cerca\"><\/div>\r\n\t\t<\/form>\r\n\t\t<\/div>\r\n\t<\/div>\r\n\t<div id=\"wpsl-gmap\" class=\"wpsl-gmap-canvas\"><\/div>\r\n\t<div id=\"wpsl-result-list\">\r\n\t\t<div id=\"wpsl-stores\" >\r\n\t\t\t<ul><\/ul>\r\n\t\t<\/div>\r\n\t\t<div id=\"wpsl-direction-details\">\r\n\t\t\t<ul><\/ul>\r\n\t\t<\/div>\r\n\t<\/div>\r\n<\/div>\r\n<\/div>\n\t\t\t\t\t\t<\/div>\n\t\t\t\t<\/div>\n\t\t\t\t<\/div>\n\t\t\t\t\t<\/div>\n\t\t\t\t<\/section>\n\t\t\t\t<\/div>\n\t\t","protected":false},"excerpt":{"rendered":"<p>Acquista i prodotti DHK Punti vendita per i consumatori Sei un consumatore alla ricerca di prodotti DHK? Consulta l\u2019elenco dei rivenditori qui sotto. L\u2019assortimento pu\u00f2 variare a seconda della zona, perci\u00f2 ti consigliamo di verificare in anticipo la disponibilit\u00e0 presso il punto vendita. Acquistare un&#8217;attivit\u00e0 o diventare un rivenditore? Sei un professionista del settore dei [&hellip;]<\/p>\n","protected":false},"author":2,"featured_media":0,"parent":0,"menu_order":0,"comment_status":"closed","ping_status":"closed","template":"","meta":{"_acf_changed":false,"footnotes":""},"project":[],"class_list":["post-3960","page","type-page","status-publish","hentry"],"acf":[],"yoast_head":"<!-- This site is optimized with the Yoast SEO plugin v27.0 - https:\/\/yoast.com\/product\/yoast-seo-wordpress\/ -->\n<title>Dove acquistare - DHK Products<\/title>\n<meta name=\"description\" content=\"DHK fornisce una gamma completa di parti e accessori per caminetti e stufe. Consulta il nostro sito di rivenditori!\" \/>\n<meta name=\"robots\" content=\"index, follow, max-snippet:-1, max-image-preview:large, max-video-preview:-1\" \/>\n<link rel=\"canonical\" href=\"https:\/\/www.dhkproducts.com\/it\/dove-acquistare\/\" \/>\n<meta property=\"og:locale\" content=\"it_IT\" \/>\n<meta property=\"og:type\" content=\"article\" \/>\n<meta property=\"og:title\" content=\"Dove acquistare - DHK Products\" \/>\n<meta property=\"og:description\" content=\"DHK fornisce una gamma completa di parti e accessori per caminetti e stufe. Consulta il nostro sito di rivenditori!\" \/>\n<meta property=\"og:url\" content=\"https:\/\/www.dhkproducts.com\/it\/dove-acquistare\/\" \/>\n<meta property=\"og:site_name\" content=\"DHK Products\" \/>\n<meta property=\"article:modified_time\" content=\"2025-10-08T09:57:16+00:00\" \/>\n<meta name=\"twitter:card\" content=\"summary_large_image\" \/>\n<meta name=\"twitter:label1\" content=\"Est. reading time\" \/>\n\t<meta name=\"twitter:data1\" content=\"1 minute\" \/>\n<script type=\"application\/ld+json\" class=\"yoast-schema-graph\">{\"@context\":\"https:\/\/schema.org\",\"@graph\":[{\"@type\":\"WebPage\",\"@id\":\"https:\/\/www.dhkproducts.com\/it\/dove-acquistare\/\",\"url\":\"https:\/\/www.dhkproducts.com\/it\/dove-acquistare\/\",\"name\":\"Dove acquistare - DHK Products\",\"isPartOf\":{\"@id\":\"https:\/\/www.dhkproducts.com\/it\/#website\"},\"datePublished\":\"2025-07-09T10:55:57+00:00\",\"dateModified\":\"2025-10-08T09:57:16+00:00\",\"description\":\"DHK fornisce una gamma completa di parti e accessori per caminetti e stufe. Consulta il nostro sito di rivenditori!\",\"breadcrumb\":{\"@id\":\"https:\/\/www.dhkproducts.com\/it\/dove-acquistare\/#breadcrumb\"},\"inLanguage\":\"it-IT\",\"potentialAction\":[{\"@type\":\"ReadAction\",\"target\":[\"https:\/\/www.dhkproducts.com\/it\/dove-acquistare\/\"]}]},{\"@type\":\"BreadcrumbList\",\"@id\":\"https:\/\/www.dhkproducts.com\/it\/dove-acquistare\/#breadcrumb\",\"itemListElement\":[{\"@type\":\"ListItem\",\"position\":1,\"name\":\"Home\",\"item\":\"https:\/\/www.dhkproducts.com\/it\/\"},{\"@type\":\"ListItem\",\"position\":2,\"name\":\"Dove acquistare\"}]},{\"@type\":\"WebSite\",\"@id\":\"https:\/\/www.dhkproducts.com\/it\/#website\",\"url\":\"https:\/\/www.dhkproducts.com\/it\/\",\"name\":\"DHK Products\",\"description\":\"Alles rondom jouw vuur\",\"publisher\":{\"@id\":\"https:\/\/www.dhkproducts.com\/it\/#organization\"},\"potentialAction\":[{\"@type\":\"SearchAction\",\"target\":{\"@type\":\"EntryPoint\",\"urlTemplate\":\"https:\/\/www.dhkproducts.com\/it\/?s={search_term_string}\"},\"query-input\":{\"@type\":\"PropertyValueSpecification\",\"valueRequired\":true,\"valueName\":\"search_term_string\"}}],\"inLanguage\":\"it-IT\"},{\"@type\":\"Organization\",\"@id\":\"https:\/\/www.dhkproducts.com\/it\/#organization\",\"name\":\"DHK Products\",\"url\":\"https:\/\/www.dhkproducts.com\/it\/\",\"logo\":{\"@type\":\"ImageObject\",\"inLanguage\":\"it-IT\",\"@id\":\"https:\/\/www.dhkproducts.com\/it\/#\/schema\/logo\/image\/\",\"url\":\"https:\/\/www.dhkproducts.com\/app\/uploads\/2025\/06\/dHk-logo-origineel.svg\",\"contentUrl\":\"https:\/\/www.dhkproducts.com\/app\/uploads\/2025\/06\/dHk-logo-origineel.svg\",\"width\":277,\"height\":247,\"caption\":\"DHK Products\"},\"image\":{\"@id\":\"https:\/\/www.dhkproducts.com\/it\/#\/schema\/logo\/image\/\"}}]}<\/script>\n<!-- \/ Yoast SEO plugin. -->","yoast_head_json":{"title":"Dove acquistare - DHK Products","description":"DHK fornisce una gamma completa di parti e accessori per caminetti e stufe. Consulta il nostro sito di rivenditori!","robots":{"index":"index","follow":"follow","max-snippet":"max-snippet:-1","max-image-preview":"max-image-preview:large","max-video-preview":"max-video-preview:-1"},"canonical":"https:\/\/www.dhkproducts.com\/it\/dove-acquistare\/","og_locale":"it_IT","og_type":"article","og_title":"Dove acquistare - DHK Products","og_description":"DHK fornisce una gamma completa di parti e accessori per caminetti e stufe. Consulta il nostro sito di rivenditori!","og_url":"https:\/\/www.dhkproducts.com\/it\/dove-acquistare\/","og_site_name":"DHK Products","article_modified_time":"2025-10-08T09:57:16+00:00","twitter_card":"summary_large_image","twitter_misc":{"Est. reading time":"1 minute"},"schema":{"@context":"https:\/\/schema.org","@graph":[{"@type":"WebPage","@id":"https:\/\/www.dhkproducts.com\/it\/dove-acquistare\/","url":"https:\/\/www.dhkproducts.com\/it\/dove-acquistare\/","name":"Dove acquistare - DHK Products","isPartOf":{"@id":"https:\/\/www.dhkproducts.com\/it\/#website"},"datePublished":"2025-07-09T10:55:57+00:00","dateModified":"2025-10-08T09:57:16+00:00","description":"DHK fornisce una gamma completa di parti e accessori per caminetti e stufe. Consulta il nostro sito di rivenditori!","breadcrumb":{"@id":"https:\/\/www.dhkproducts.com\/it\/dove-acquistare\/#breadcrumb"},"inLanguage":"it-IT","potentialAction":[{"@type":"ReadAction","target":["https:\/\/www.dhkproducts.com\/it\/dove-acquistare\/"]}]},{"@type":"BreadcrumbList","@id":"https:\/\/www.dhkproducts.com\/it\/dove-acquistare\/#breadcrumb","itemListElement":[{"@type":"ListItem","position":1,"name":"Home","item":"https:\/\/www.dhkproducts.com\/it\/"},{"@type":"ListItem","position":2,"name":"Dove acquistare"}]},{"@type":"WebSite","@id":"https:\/\/www.dhkproducts.com\/it\/#website","url":"https:\/\/www.dhkproducts.com\/it\/","name":"DHK Products","description":"Alles rondom jouw vuur","publisher":{"@id":"https:\/\/www.dhkproducts.com\/it\/#organization"},"potentialAction":[{"@type":"SearchAction","target":{"@type":"EntryPoint","urlTemplate":"https:\/\/www.dhkproducts.com\/it\/?s={search_term_string}"},"query-input":{"@type":"PropertyValueSpecification","valueRequired":true,"valueName":"search_term_string"}}],"inLanguage":"it-IT"},{"@type":"Organization","@id":"https:\/\/www.dhkproducts.com\/it\/#organization","name":"DHK Products","url":"https:\/\/www.dhkproducts.com\/it\/","logo":{"@type":"ImageObject","inLanguage":"it-IT","@id":"https:\/\/www.dhkproducts.com\/it\/#\/schema\/logo\/image\/","url":"https:\/\/www.dhkproducts.com\/app\/uploads\/2025\/06\/dHk-logo-origineel.svg","contentUrl":"https:\/\/www.dhkproducts.com\/app\/uploads\/2025\/06\/dHk-logo-origineel.svg","width":277,"height":247,"caption":"DHK Products"},"image":{"@id":"https:\/\/www.dhkproducts.com\/it\/#\/schema\/logo\/image\/"}}]}},"_links":{"self":[{"href":"https:\/\/www.dhkproducts.com\/it\/wp-json\/wp\/v2\/pages\/3960","targetHints":{"allow":["GET"]}}],"collection":[{"href":"https:\/\/www.dhkproducts.com\/it\/wp-json\/wp\/v2\/pages"}],"about":[{"href":"https:\/\/www.dhkproducts.com\/it\/wp-json\/wp\/v2\/types\/page"}],"author":[{"embeddable":true,"href":"https:\/\/www.dhkproducts.com\/it\/wp-json\/wp\/v2\/users\/2"}],"replies":[{"embeddable":true,"href":"https:\/\/www.dhkproducts.com\/it\/wp-json\/wp\/v2\/comments?post=3960"}],"version-history":[{"count":1,"href":"https:\/\/www.dhkproducts.com\/it\/wp-json\/wp\/v2\/pages\/3960\/revisions"}],"predecessor-version":[{"id":3961,"href":"https:\/\/www.dhkproducts.com\/it\/wp-json\/wp\/v2\/pages\/3960\/revisions\/3961"}],"wp:attachment":[{"href":"https:\/\/www.dhkproducts.com\/it\/wp-json\/wp\/v2\/media?parent=3960"}],"wp:term":[{"taxonomy":"project","embeddable":true,"href":"https:\/\/www.dhkproducts.com\/it\/wp-json\/wp\/v2\/project?post=3960"}],"curies":[{"name":"wp","href":"https:\/\/api.w.org\/{rel}","templated":true}]}}